{"id":7751,"date":"2025-06-29T10:02:38","date_gmt":"2025-06-29T08:02:38","guid":{"rendered":"https:\/\/uj.adatbank.ro\/lexikon\/termek\/fay-piroska-boronkayne\/"},"modified":"2025-06-29T10:02:38","modified_gmt":"2025-06-29T08:02:38","slug":"fay-piroska-boronkayne","status":"publish","type":"product","link":"https:\/\/uj.adatbank.ro\/lexikon\/termek\/fay-piroska-boronkayne\/","title":{"rendered":"F\u00c1Y Piroska, Boronkayn\u00e9"},"content":{"rendered":"<p>Mv., 1872., \u2020\u00a0? : sz\u00edn\u00e9szn\u0151. \u2013 Sz\u00ednpadra l\u00e9pett (1888. \u00e1pr. 1. -nyugd\u00edjaz\u00e1s\u00e1ig, 1916. nov. 6.). <br \/><strong>Irod.:<\/strong> Sch\u00f6pflin<\/br><\/p>\n","protected":false},"excerpt":{"rendered":"<p>Mv., 1872., \u2020\u00a0? : sz\u00edn\u00e9szn\u0151. \u2013 Sz\u00ednpadra l\u00e9pett (1888. \u00e1pr. 1. -nyugd\u00edjaz\u00e1s\u00e1ig, 1916. nov. 6.). Irod.: Sch\u00f6pflin<\/p>\n","protected":false},"featured_media":0,"comment_status":"open","ping_status":"closed","template":"","meta":[],"product_brand":[],"product_cat":[137],"product_tag":[],"class_list":{"0":"post-7751","1":"product","2":"type-product","3":"status-publish","5":"product_cat-maros-megyei-eletrajzi-lexikon","7":"first","8":"instock","9":"shipping-taxable","10":"product-type-simple"},"_links":{"self":[{"href":"https:\/\/uj.adatbank.ro\/lexikon\/wp-json\/wp\/v2\/product\/7751","targetHints":{"allow":["GET"]}}],"collection":[{"href":"https:\/\/uj.adatbank.ro\/lexikon\/wp-json\/wp\/v2\/product"}],"about":[{"href":"https:\/\/uj.adatbank.ro\/lexikon\/wp-json\/wp\/v2\/types\/product"}],"replies":[{"embeddable":true,"href":"https:\/\/uj.adatbank.ro\/lexikon\/wp-json\/wp\/v2\/comments?post=7751"}],"wp:attachment":[{"href":"https:\/\/uj.adatbank.ro\/lexikon\/wp-json\/wp\/v2\/media?parent=7751"}],"wp:term":[{"taxonomy":"product_brand","embeddable":true,"href":"https:\/\/uj.adatbank.ro\/lexikon\/wp-json\/wp\/v2\/product_brand?post=7751"},{"taxonomy":"product_cat","embeddable":true,"href":"https:\/\/uj.adatbank.ro\/lexikon\/wp-json\/wp\/v2\/product_cat?post=7751"},{"taxonomy":"product_tag","embeddable":true,"href":"https:\/\/uj.adatbank.ro\/lexikon\/wp-json\/wp\/v2\/product_tag?post=7751"}],"curies":[{"name":"wp","href":"https:\/\/api.w.org\/{rel}","templated":true}]}}