{"id":7754,"date":"2025-06-29T10:02:44","date_gmt":"2025-06-29T08:02:44","guid":{"rendered":"https:\/\/uj.adatbank.ro\/lexikon\/termek\/fazakas-bela-%c2%a7\/"},"modified":"2025-06-29T10:02:44","modified_gmt":"2025-06-29T08:02:44","slug":"fazakas-bela-%c2%a7","status":"publish","type":"product","link":"https:\/\/uj.adatbank.ro\/lexikon\/termek\/fazakas-bela-%c2%a7\/","title":{"rendered":"FAZAKAS B\u00e9la, \u00a7"},"content":{"rendered":"<p>Abrudb\u00e1nya, 1926. j\u00fal. 22. \u2020\u00a0Mv., 1998 2019 : orvos egyetemi tan\u00e1r. \u2013 F. B\u00e9la lelk\u00e9sz \u00e9s Tomcsik M\u00e1ria (1870\u20131950) fia. Feles\u00e9ge: Orb\u00e1n Gizella (1939\u20132019). Le\u00e1nya: F. \u00c9va Roz\u00e1lia gy\u00f3gyszer\u00e9sz. (1949\u20131999.). \u2013 A k\u00f6z\u00e9piskol\u00e1it Abrudb\u00e1ny\u00e1n, Kv.-on, Nagyenyeden v\u00e9gezte. Orvosi oklevel\u00e9t a MOGYI-n szerezte meg, ugyanitt az orvostudom\u00e1nyok doktora (1962). El\u0151bb gyakornok (1950\u2013), tan\u00e1rseg\u00e9d (1952\u2013); adjunktus (1957\u2013), az \u00e9l\u0151sk\u00f6d\u0151kkel foglalkoz\u00f3 tudom\u00e1ny\u00e1g, a Parazitol\u00f3giai Tansz\u00e9k vezet\u0151je (1957\u2013), egyetemi el\u0151ad\u00f3tan\u00e1ra (1971), prof. (1991\u201398), az egyetem prorektora (1991\u201396) Szakk\u00f6zlem\u00e9nyei az Orvosi Szemle-Revista Medical\u0103, Microbiologie-Parazitologie-Epidemiologie, Via\u0163a Medical\u0103, k\u00fclf\u00f6ld\u00f6n a Medicinszkaja Parazitologia, Annales de parasitologie humaine s m\u00e1s foly\u00f3iratokban jelennek meg. Felt\u00e9rk\u00e9pezte Maros, Hargita \u00e9s Kov\u00e1szna megy\u00e9k parazitol\u00f3giai megbeteged\u00e9seit, egyes parazit\u00f3zisok klinikai k\u00f3rk\u00e9p\u00e9vel \u00e9s kezel\u00e9s\u00e9vel foglalkozik. 10 szak- szimpoziumot szervezett Mv.-en. Parazitol\u00f3giai tov\u00e1bbk\u00e9pz\u00e9sen vett r\u00e9szt Buk. \u00e9s Bp.-en. Tiszteletbeli tagja az AOSR-nek, tagja a Bp.-i Parazitol\u00f3giai Egyes\u00fcletnek, aleln\u00f6ke a Rom\u00e1niai \u00e9s Mo.-i Parazitol\u00f3giai Egyes\u00fcleteknek. \u2013 <strong>F. m.:<\/strong> Orvosi parazitol\u00f3gia (Mv., 1958, 1977); Paraziologia medical\u0103. Curs. Edi\u0163ia a 2-a. (Tg, M., 1976); <strong>t\u00e1rssz.:<\/strong> Parazitologie (Buc., 1962); Cercetari medicale (Buc., 1968); Fert\u0151z\u0151 betegs\u00e9gek (Mv., 1975); Parazitologie medicala (Buc., 1981). <br \/><strong>Irod.:<\/strong> Bo\u00e9r K\u00e1roly: Parazitol\u00f3giai kutat\u00e1sok haz\u00e1nkban (\u00daj \u00c9let, 1. sz., 1984); EMKK; Genersich; Kiss-P. -P; KKACs; Barab\u00e1s-P\u00e9ter M.\u2013P\u00e9ter H. M.; RMIL; RMKK; Sz\u00f6ll\u0151si 2009<\/br><\/p>\n","protected":false},"excerpt":{"rendered":"<p>Abrudb\u00e1nya, 1926. j\u00fal. 22. \u2020\u00a0Mv., 1998 2019 : orvos egyetemi tan\u00e1r. \u2013 F. B\u00e9la lelk\u00e9sz \u00e9s Tomcsik M\u00e1ria (1870\u20131950) fia. Feles\u00e9ge: Orb\u00e1n Gizella (1939\u20132019). Le\u00e1nya: F. \u00c9va Roz\u00e1lia gy\u00f3gyszer\u00e9sz. (1949\u20131999.). \u2013 A k\u00f6z\u00e9piskol\u00e1it Abrudb\u00e1ny\u00e1n, Kv.-on, Nagyenyeden v\u00e9gezte. Orvosi oklevel\u00e9t a MOGYI-n szerezte meg, ugyanitt az orvostudom\u00e1nyok doktora (1962). El\u0151bb gyakornok (1950\u2013), tan\u00e1rseg\u00e9d (1952\u2013); adjunktus (1957\u2013), [&hellip;]<\/p>\n","protected":false},"featured_media":0,"comment_status":"open","ping_status":"closed","template":"","meta":[],"product_brand":[],"product_cat":[137],"product_tag":[],"class_list":{"0":"post-7754","1":"product","2":"type-product","3":"status-publish","5":"product_cat-maros-megyei-eletrajzi-lexikon","7":"first","8":"instock","9":"shipping-taxable","10":"product-type-simple"},"_links":{"self":[{"href":"https:\/\/uj.adatbank.ro\/lexikon\/wp-json\/wp\/v2\/product\/7754","targetHints":{"allow":["GET"]}}],"collection":[{"href":"https:\/\/uj.adatbank.ro\/lexikon\/wp-json\/wp\/v2\/product"}],"about":[{"href":"https:\/\/uj.adatbank.ro\/lexikon\/wp-json\/wp\/v2\/types\/product"}],"replies":[{"embeddable":true,"href":"https:\/\/uj.adatbank.ro\/lexikon\/wp-json\/wp\/v2\/comments?post=7754"}],"wp:attachment":[{"href":"https:\/\/uj.adatbank.ro\/lexikon\/wp-json\/wp\/v2\/media?parent=7754"}],"wp:term":[{"taxonomy":"product_brand","embeddable":true,"href":"https:\/\/uj.adatbank.ro\/lexikon\/wp-json\/wp\/v2\/product_brand?post=7754"},{"taxonomy":"product_cat","embeddable":true,"href":"https:\/\/uj.adatbank.ro\/lexikon\/wp-json\/wp\/v2\/product_cat?post=7754"},{"taxonomy":"product_tag","embeddable":true,"href":"https:\/\/uj.adatbank.ro\/lexikon\/wp-json\/wp\/v2\/product_tag?post=7754"}],"curies":[{"name":"wp","href":"https:\/\/api.w.org\/{rel}","templated":true}]}}