{"id":7758,"date":"2025-06-29T10:02:50","date_gmt":"2025-06-29T08:02:50","guid":{"rendered":"https:\/\/uj.adatbank.ro\/lexikon\/termek\/fazakas-gyorgy-j\/"},"modified":"2025-06-29T10:02:50","modified_gmt":"2025-06-29T08:02:50","slug":"fazakas-gyorgy-j","status":"publish","type":"product","link":"https:\/\/uj.adatbank.ro\/lexikon\/termek\/fazakas-gyorgy-j\/","title":{"rendered":"FAZAKAS Gy\u00f6rgy J."},"content":{"rendered":"<p>Jobb\u00e1gyfalva, 1896., \u2020\u00a0? : gazd\u00e1lkod\u00f3. \u2013 A sz\u00fcl\u0151i h\u00e1zn\u00e1l tanulta a f\u00f6ldm\u0171vel\u00e9st. Az els\u0151 vh.-ban a 22. gy. e. ben az orosz fronton harcolt \u00e9s h\u00e1rom \u00e9vet t\u00f6lt\u00f6tt orosz fogs\u00e1gban. Kiv\u00e1ndorolt Amerik\u00e1ba (1927), ahol 12 \u00e9vet t\u00f6lt\u00f6tt, hazat\u00e9rve sz\u00fcl\u0151faluj\u00e1ban v\u00e1s\u00e1rolt f\u00f6ldet, melyen korszer\u0171 gazd\u00e1lkod\u00e1st folytatott. <br \/><strong>Irod.:<\/strong> Sz\u00e9kelyf\u00f6ld \u00ed. k.<\/br><\/p>\n","protected":false},"excerpt":{"rendered":"<p>Jobb\u00e1gyfalva, 1896., \u2020\u00a0? : gazd\u00e1lkod\u00f3. \u2013 A sz\u00fcl\u0151i h\u00e1zn\u00e1l tanulta a f\u00f6ldm\u0171vel\u00e9st. Az els\u0151 vh.-ban a 22. gy. e. ben az orosz fronton harcolt \u00e9s h\u00e1rom \u00e9vet t\u00f6lt\u00f6tt orosz fogs\u00e1gban. Kiv\u00e1ndorolt Amerik\u00e1ba (1927), ahol 12 \u00e9vet t\u00f6lt\u00f6tt, hazat\u00e9rve sz\u00fcl\u0151faluj\u00e1ban v\u00e1s\u00e1rolt f\u00f6ldet, melyen korszer\u0171 gazd\u00e1lkod\u00e1st folytatott. Irod.: Sz\u00e9kelyf\u00f6ld \u00ed. k.<\/p>\n","protected":false},"featured_media":0,"comment_status":"open","ping_status":"closed","template":"","meta":[],"product_brand":[],"product_cat":[137],"product_tag":[],"class_list":{"0":"post-7758","1":"product","2":"type-product","3":"status-publish","5":"product_cat-maros-megyei-eletrajzi-lexikon","7":"first","8":"instock","9":"shipping-taxable","10":"product-type-simple"},"_links":{"self":[{"href":"https:\/\/uj.adatbank.ro\/lexikon\/wp-json\/wp\/v2\/product\/7758","targetHints":{"allow":["GET"]}}],"collection":[{"href":"https:\/\/uj.adatbank.ro\/lexikon\/wp-json\/wp\/v2\/product"}],"about":[{"href":"https:\/\/uj.adatbank.ro\/lexikon\/wp-json\/wp\/v2\/types\/product"}],"replies":[{"embeddable":true,"href":"https:\/\/uj.adatbank.ro\/lexikon\/wp-json\/wp\/v2\/comments?post=7758"}],"wp:attachment":[{"href":"https:\/\/uj.adatbank.ro\/lexikon\/wp-json\/wp\/v2\/media?parent=7758"}],"wp:term":[{"taxonomy":"product_brand","embeddable":true,"href":"https:\/\/uj.adatbank.ro\/lexikon\/wp-json\/wp\/v2\/product_brand?post=7758"},{"taxonomy":"product_cat","embeddable":true,"href":"https:\/\/uj.adatbank.ro\/lexikon\/wp-json\/wp\/v2\/product_cat?post=7758"},{"taxonomy":"product_tag","embeddable":true,"href":"https:\/\/uj.adatbank.ro\/lexikon\/wp-json\/wp\/v2\/product_tag?post=7758"}],"curies":[{"name":"wp","href":"https:\/\/api.w.org\/{rel}","templated":true}]}}