{"id":7760,"date":"2025-06-29T10:02:55","date_gmt":"2025-06-29T08:02:55","guid":{"rendered":"https:\/\/uj.adatbank.ro\/lexikon\/termek\/fazakas-janos\/"},"modified":"2025-06-29T10:02:55","modified_gmt":"2025-06-29T08:02:55","slug":"fazakas-janos","status":"publish","type":"product","link":"https:\/\/uj.adatbank.ro\/lexikon\/termek\/fazakas-janos\/","title":{"rendered":"FAZAKAS J\u00e1nos"},"content":{"rendered":"<p>Bede, ? \u2020\u00a0? : l\u00f3f\u0151 sz\u00e9kely. \u2013 A bedei sz\u00e1rmaz\u00e1s\u00fa sz\u00e9kelyt, II. R\u00e1k\u00f3czi Gy\u00f6rgy l\u00f3f\u0151s\u00edtette, a plojesti csata ut\u00e1n (1655. j\u00fan. 28.). <br \/><strong>Irod.:<\/strong> B\u00f6l\u00f6ni Domokos: Rem\u00e9ny a Ny\u00e1ros-patak partj\u00e1n (N\u00fa., 1996. aug. 22.)<\/br><\/p>\n","protected":false},"excerpt":{"rendered":"<p>Bede, ? \u2020\u00a0? : l\u00f3f\u0151 sz\u00e9kely. \u2013 A bedei sz\u00e1rmaz\u00e1s\u00fa sz\u00e9kelyt, II. R\u00e1k\u00f3czi Gy\u00f6rgy l\u00f3f\u0151s\u00edtette, a plojesti csata ut\u00e1n (1655. j\u00fan. 28.). Irod.: B\u00f6l\u00f6ni Domokos: Rem\u00e9ny a Ny\u00e1ros-patak partj\u00e1n (N\u00fa., 1996. aug. 22.)<\/p>\n","protected":false},"featured_media":0,"comment_status":"open","ping_status":"closed","template":"","meta":[],"product_brand":[],"product_cat":[137],"product_tag":[],"class_list":{"0":"post-7760","1":"product","2":"type-product","3":"status-publish","5":"product_cat-maros-megyei-eletrajzi-lexikon","7":"first","8":"instock","9":"shipping-taxable","10":"product-type-simple"},"_links":{"self":[{"href":"https:\/\/uj.adatbank.ro\/lexikon\/wp-json\/wp\/v2\/product\/7760","targetHints":{"allow":["GET"]}}],"collection":[{"href":"https:\/\/uj.adatbank.ro\/lexikon\/wp-json\/wp\/v2\/product"}],"about":[{"href":"https:\/\/uj.adatbank.ro\/lexikon\/wp-json\/wp\/v2\/types\/product"}],"replies":[{"embeddable":true,"href":"https:\/\/uj.adatbank.ro\/lexikon\/wp-json\/wp\/v2\/comments?post=7760"}],"wp:attachment":[{"href":"https:\/\/uj.adatbank.ro\/lexikon\/wp-json\/wp\/v2\/media?parent=7760"}],"wp:term":[{"taxonomy":"product_brand","embeddable":true,"href":"https:\/\/uj.adatbank.ro\/lexikon\/wp-json\/wp\/v2\/product_brand?post=7760"},{"taxonomy":"product_cat","embeddable":true,"href":"https:\/\/uj.adatbank.ro\/lexikon\/wp-json\/wp\/v2\/product_cat?post=7760"},{"taxonomy":"product_tag","embeddable":true,"href":"https:\/\/uj.adatbank.ro\/lexikon\/wp-json\/wp\/v2\/product_tag?post=7760"}],"curies":[{"name":"wp","href":"https:\/\/api.w.org\/{rel}","templated":true}]}}