{"id":7763,"date":"2025-06-29T10:03:00","date_gmt":"2025-06-29T08:03:00","guid":{"rendered":"https:\/\/uj.adatbank.ro\/lexikon\/termek\/fazakas-jozsef\/"},"modified":"2025-06-29T10:03:00","modified_gmt":"2025-06-29T08:03:00","slug":"fazakas-jozsef","status":"publish","type":"product","link":"https:\/\/uj.adatbank.ro\/lexikon\/termek\/fazakas-jozsef\/","title":{"rendered":"FAZAKAS J\u00f3zsef"},"content":{"rendered":"<p>Cs\u00edkfalva, 1894., \u2020 ?: husz\u00e1r. &#8211; A m. kir. Mv.-i honv\u00e9d husz\u00e1rezredben a gyalog\u00e1gy\u00fas szakasz kit\u00fcntet\u00e9si beadv\u00e1ny\u00e1ban szerepel. <br \/><strong>Irod.:<\/strong> Koszta<\/br><\/p>\n","protected":false},"excerpt":{"rendered":"<p>Cs\u00edkfalva, 1894., \u2020 ?: husz\u00e1r. &#8211; A m. kir. Mv.-i honv\u00e9d husz\u00e1rezredben a gyalog\u00e1gy\u00fas szakasz kit\u00fcntet\u00e9si beadv\u00e1ny\u00e1ban szerepel. Irod.: Koszta<\/p>\n","protected":false},"featured_media":0,"comment_status":"open","ping_status":"closed","template":"","meta":[],"product_brand":[],"product_cat":[137],"product_tag":[],"class_list":{"0":"post-7763","1":"product","2":"type-product","3":"status-publish","5":"product_cat-maros-megyei-eletrajzi-lexikon","7":"first","8":"instock","9":"shipping-taxable","10":"product-type-simple"},"_links":{"self":[{"href":"https:\/\/uj.adatbank.ro\/lexikon\/wp-json\/wp\/v2\/product\/7763","targetHints":{"allow":["GET"]}}],"collection":[{"href":"https:\/\/uj.adatbank.ro\/lexikon\/wp-json\/wp\/v2\/product"}],"about":[{"href":"https:\/\/uj.adatbank.ro\/lexikon\/wp-json\/wp\/v2\/types\/product"}],"replies":[{"embeddable":true,"href":"https:\/\/uj.adatbank.ro\/lexikon\/wp-json\/wp\/v2\/comments?post=7763"}],"wp:attachment":[{"href":"https:\/\/uj.adatbank.ro\/lexikon\/wp-json\/wp\/v2\/media?parent=7763"}],"wp:term":[{"taxonomy":"product_brand","embeddable":true,"href":"https:\/\/uj.adatbank.ro\/lexikon\/wp-json\/wp\/v2\/product_brand?post=7763"},{"taxonomy":"product_cat","embeddable":true,"href":"https:\/\/uj.adatbank.ro\/lexikon\/wp-json\/wp\/v2\/product_cat?post=7763"},{"taxonomy":"product_tag","embeddable":true,"href":"https:\/\/uj.adatbank.ro\/lexikon\/wp-json\/wp\/v2\/product_tag?post=7763"}],"curies":[{"name":"wp","href":"https:\/\/api.w.org\/{rel}","templated":true}]}}