{"id":7765,"date":"2025-06-29T10:03:04","date_gmt":"2025-06-29T08:03:04","guid":{"rendered":"https:\/\/uj.adatbank.ro\/lexikon\/termek\/fazakas-jozsef-3\/"},"modified":"2025-06-29T10:03:04","modified_gmt":"2025-06-29T08:03:04","slug":"fazakas-jozsef-3","status":"publish","type":"product","link":"https:\/\/uj.adatbank.ro\/lexikon\/termek\/fazakas-jozsef-3\/","title":{"rendered":"FAZAKAS J\u00f3zsef"},"content":{"rendered":"<p>Gagy 1928., \u2020\u00a0Mv., 2014.: orvos. \u2013 A MOGYI orvos szak\u00e1n v\u00e9gzett (1955). Rendelt Szalacson, Szamosdombon (1955\u201360). Marosj\u00e1r\u00e1ban k\u00f6rzeti f\u0151orvos (1960\u20131973), Gernyeszegen rendelt (1973\u20131992). \u00c9rdemes orvos c\u00edmet kapott (1973). <br \/><strong>Irod.:<\/strong> Kiss\u2013P\u00e9terffy\u2013P\u00e9terffy<\/br><\/p>\n","protected":false},"excerpt":{"rendered":"<p>Gagy 1928., \u2020\u00a0Mv., 2014.: orvos. \u2013 A MOGYI orvos szak\u00e1n v\u00e9gzett (1955). Rendelt Szalacson, Szamosdombon (1955\u201360). Marosj\u00e1r\u00e1ban k\u00f6rzeti f\u0151orvos (1960\u20131973), Gernyeszegen rendelt (1973\u20131992). \u00c9rdemes orvos c\u00edmet kapott (1973). Irod.: Kiss\u2013P\u00e9terffy\u2013P\u00e9terffy<\/p>\n","protected":false},"featured_media":0,"comment_status":"open","ping_status":"closed","template":"","meta":[],"product_brand":[],"product_cat":[137],"product_tag":[],"class_list":{"0":"post-7765","1":"product","2":"type-product","3":"status-publish","5":"product_cat-maros-megyei-eletrajzi-lexikon","7":"first","8":"instock","9":"shipping-taxable","10":"product-type-simple"},"_links":{"self":[{"href":"https:\/\/uj.adatbank.ro\/lexikon\/wp-json\/wp\/v2\/product\/7765","targetHints":{"allow":["GET"]}}],"collection":[{"href":"https:\/\/uj.adatbank.ro\/lexikon\/wp-json\/wp\/v2\/product"}],"about":[{"href":"https:\/\/uj.adatbank.ro\/lexikon\/wp-json\/wp\/v2\/types\/product"}],"replies":[{"embeddable":true,"href":"https:\/\/uj.adatbank.ro\/lexikon\/wp-json\/wp\/v2\/comments?post=7765"}],"wp:attachment":[{"href":"https:\/\/uj.adatbank.ro\/lexikon\/wp-json\/wp\/v2\/media?parent=7765"}],"wp:term":[{"taxonomy":"product_brand","embeddable":true,"href":"https:\/\/uj.adatbank.ro\/lexikon\/wp-json\/wp\/v2\/product_brand?post=7765"},{"taxonomy":"product_cat","embeddable":true,"href":"https:\/\/uj.adatbank.ro\/lexikon\/wp-json\/wp\/v2\/product_cat?post=7765"},{"taxonomy":"product_tag","embeddable":true,"href":"https:\/\/uj.adatbank.ro\/lexikon\/wp-json\/wp\/v2\/product_tag?post=7765"}],"curies":[{"name":"wp","href":"https:\/\/api.w.org\/{rel}","templated":true}]}}