{"id":7767,"date":"2025-06-29T10:03:06","date_gmt":"2025-06-29T08:03:06","guid":{"rendered":"https:\/\/uj.adatbank.ro\/lexikon\/termek\/fazakas-lajos\/"},"modified":"2025-06-29T10:03:06","modified_gmt":"2025-06-29T08:03:06","slug":"fazakas-lajos","status":"publish","type":"product","link":"https:\/\/uj.adatbank.ro\/lexikon\/termek\/fazakas-lajos\/","title":{"rendered":"FAZAKAS Lajos"},"content":{"rendered":"<p>? \u2020\u00a0? : unit. lelk\u00e9sz. \u2013 2. feles\u00e9ge\u00a0: Tomcsik M\u00e1ria. Gyermekeik: B\u00e1la, unit. lelk\u00e9sz; Lajos katona (1897\u20131965); Ella, tan\u00edt\u00f3n\u0151, \u00c1d\u00e1m Mih\u00e1lyn\u00e9; Margit G\u00e1lfalvi Mih\u00e1ly vadadi tan\u00edt\u00f3 feles\u00e9ge, Anna Szeb\u00f3 Rezs\u0151 ny\u00e1r\u00e1dszentm\u00e1rtoni tan\u00edt\u00f3 feles\u00e9ge\u00a0; Olga, S\u00e1ndor, Jen\u0151 lelk\u00e9sz. Ny\u00e1r\u00e1dszentm\u00e1rtonban szolg\u00e1lt (1885\u2013). H\u00e1rsf\u00e1t \u00fcltetett a millenium eml\u00e9k\u00e9re (1896), amely mais \u00e9l. Esperes. T\u0171zv\u00e9sz ut\u00e1n megjav\u00edtatta az orgon\u00e1t, a par\u00f3kia k\u00f6r\u00fcli mell\u00e9k\u00e9p\u00fcleteket \u00fajra\u00e9p\u00edtette (1921). <br \/><strong>Irod.:<\/strong> Cs\u00edkfalva<\/br><\/p>\n","protected":false},"excerpt":{"rendered":"<p>? \u2020\u00a0? : unit. lelk\u00e9sz. \u2013 2. feles\u00e9ge\u00a0: Tomcsik M\u00e1ria. Gyermekeik: B\u00e1la, unit. lelk\u00e9sz; Lajos katona (1897\u20131965); Ella, tan\u00edt\u00f3n\u0151, \u00c1d\u00e1m Mih\u00e1lyn\u00e9; Margit G\u00e1lfalvi Mih\u00e1ly vadadi tan\u00edt\u00f3 feles\u00e9ge, Anna Szeb\u00f3 Rezs\u0151 ny\u00e1r\u00e1dszentm\u00e1rtoni tan\u00edt\u00f3 feles\u00e9ge\u00a0; Olga, S\u00e1ndor, Jen\u0151 lelk\u00e9sz. Ny\u00e1r\u00e1dszentm\u00e1rtonban szolg\u00e1lt (1885\u2013). H\u00e1rsf\u00e1t \u00fcltetett a millenium eml\u00e9k\u00e9re (1896), amely mais \u00e9l. Esperes. T\u0171zv\u00e9sz ut\u00e1n megjav\u00edtatta az orgon\u00e1t, [&hellip;]<\/p>\n","protected":false},"featured_media":0,"comment_status":"open","ping_status":"closed","template":"","meta":[],"product_brand":[],"product_cat":[137],"product_tag":[],"class_list":{"0":"post-7767","1":"product","2":"type-product","3":"status-publish","5":"product_cat-maros-megyei-eletrajzi-lexikon","7":"first","8":"instock","9":"shipping-taxable","10":"product-type-simple"},"_links":{"self":[{"href":"https:\/\/uj.adatbank.ro\/lexikon\/wp-json\/wp\/v2\/product\/7767","targetHints":{"allow":["GET"]}}],"collection":[{"href":"https:\/\/uj.adatbank.ro\/lexikon\/wp-json\/wp\/v2\/product"}],"about":[{"href":"https:\/\/uj.adatbank.ro\/lexikon\/wp-json\/wp\/v2\/types\/product"}],"replies":[{"embeddable":true,"href":"https:\/\/uj.adatbank.ro\/lexikon\/wp-json\/wp\/v2\/comments?post=7767"}],"wp:attachment":[{"href":"https:\/\/uj.adatbank.ro\/lexikon\/wp-json\/wp\/v2\/media?parent=7767"}],"wp:term":[{"taxonomy":"product_brand","embeddable":true,"href":"https:\/\/uj.adatbank.ro\/lexikon\/wp-json\/wp\/v2\/product_brand?post=7767"},{"taxonomy":"product_cat","embeddable":true,"href":"https:\/\/uj.adatbank.ro\/lexikon\/wp-json\/wp\/v2\/product_cat?post=7767"},{"taxonomy":"product_tag","embeddable":true,"href":"https:\/\/uj.adatbank.ro\/lexikon\/wp-json\/wp\/v2\/product_tag?post=7767"}],"curies":[{"name":"wp","href":"https:\/\/api.w.org\/{rel}","templated":true}]}}