{"id":7768,"date":"2025-06-29T10:03:08","date_gmt":"2025-06-29T08:03:08","guid":{"rendered":"https:\/\/uj.adatbank.ro\/lexikon\/termek\/fazakas-lajos-%c2%a7-nemes-kadacsi\/"},"modified":"2025-06-29T10:03:08","modified_gmt":"2025-06-29T08:03:08","slug":"fazakas-lajos-%c2%a7-nemes-kadacsi","status":"publish","type":"product","link":"https:\/\/uj.adatbank.ro\/lexikon\/termek\/fazakas-lajos-%c2%a7-nemes-kadacsi\/","title":{"rendered":"FAZAKAS Lajos, \u00a7 nemes kadacsi"},"content":{"rendered":"<p>Ny\u00e1r\u00e1dszereda, 1897. febr. 7., \u2020\u00a0Bp. 1965.: katonatiszt. \u2013 F. Lajos \u00e9s Tomcsik M\u00e1ria fia. \u2013 Hadnagy (1916), \u0151rnagy (1941), alezredes (1942), ezredes (1944). Szovjet hadifogs\u00e1gba esett (1945 m\u00e1rc. \u201347-ben t\u00e9rt haza). A M. \u00c9rdemrend Lovagkeresztje kit\u00fcntez\u00e9st kapta (1944). <br \/><strong>Irod.:<\/strong> Berekm\u00e9ri; Cs\u00edkfalva<\/br><\/p>\n","protected":false},"excerpt":{"rendered":"<p>Ny\u00e1r\u00e1dszereda, 1897. febr. 7., \u2020\u00a0Bp. 1965.: katonatiszt. \u2013 F. Lajos \u00e9s Tomcsik M\u00e1ria fia. \u2013 Hadnagy (1916), \u0151rnagy (1941), alezredes (1942), ezredes (1944). Szovjet hadifogs\u00e1gba esett (1945 m\u00e1rc. \u201347-ben t\u00e9rt haza). A M. \u00c9rdemrend Lovagkeresztje kit\u00fcntez\u00e9st kapta (1944). Irod.: Berekm\u00e9ri; Cs\u00edkfalva<\/p>\n","protected":false},"featured_media":0,"comment_status":"open","ping_status":"closed","template":"","meta":[],"product_brand":[],"product_cat":[137],"product_tag":[],"class_list":{"0":"post-7768","1":"product","2":"type-product","3":"status-publish","5":"product_cat-maros-megyei-eletrajzi-lexikon","7":"first","8":"instock","9":"shipping-taxable","10":"product-type-simple"},"_links":{"self":[{"href":"https:\/\/uj.adatbank.ro\/lexikon\/wp-json\/wp\/v2\/product\/7768","targetHints":{"allow":["GET"]}}],"collection":[{"href":"https:\/\/uj.adatbank.ro\/lexikon\/wp-json\/wp\/v2\/product"}],"about":[{"href":"https:\/\/uj.adatbank.ro\/lexikon\/wp-json\/wp\/v2\/types\/product"}],"replies":[{"embeddable":true,"href":"https:\/\/uj.adatbank.ro\/lexikon\/wp-json\/wp\/v2\/comments?post=7768"}],"wp:attachment":[{"href":"https:\/\/uj.adatbank.ro\/lexikon\/wp-json\/wp\/v2\/media?parent=7768"}],"wp:term":[{"taxonomy":"product_brand","embeddable":true,"href":"https:\/\/uj.adatbank.ro\/lexikon\/wp-json\/wp\/v2\/product_brand?post=7768"},{"taxonomy":"product_cat","embeddable":true,"href":"https:\/\/uj.adatbank.ro\/lexikon\/wp-json\/wp\/v2\/product_cat?post=7768"},{"taxonomy":"product_tag","embeddable":true,"href":"https:\/\/uj.adatbank.ro\/lexikon\/wp-json\/wp\/v2\/product_tag?post=7768"}],"curies":[{"name":"wp","href":"https:\/\/api.w.org\/{rel}","templated":true}]}}