{"id":7774,"date":"2025-06-29T10:03:21","date_gmt":"2025-06-29T08:03:21","guid":{"rendered":"https:\/\/uj.adatbank.ro\/lexikon\/termek\/fazakas-zsigmond\/"},"modified":"2025-06-29T10:03:21","modified_gmt":"2025-06-29T08:03:21","slug":"fazakas-zsigmond","status":"publish","type":"product","link":"https:\/\/uj.adatbank.ro\/lexikon\/termek\/fazakas-zsigmond\/","title":{"rendered":"FAZAKAS Zsigmond"},"content":{"rendered":"<p>Brass\u00f3, 1914., \u2020\u00a0? : keresked\u0151, italkim\u00e9r\u0151. \u2013 Brass\u00f3ban iskol\u00e1i elv\u00e9gz\u00e9se ut\u00e1n a keresked\u00e9st tanulta. \u00d6n\u00e1ll\u00f3 lett Mv.-en (1940\u2013) Szakk\u00e9pzett csemegekeresked\u0151, \u00fczlete a k\u00f6rny\u00e9k kedvelt bev\u00e1s\u00e1rl\u00f3 k\u00f6zpontja volt. <br \/><strong>Irod.:<\/strong> Sz\u00e9kelyf\u00f6ld \u00ed. k<\/br><\/p>\n","protected":false},"excerpt":{"rendered":"<p>Brass\u00f3, 1914., \u2020\u00a0? : keresked\u0151, italkim\u00e9r\u0151. \u2013 Brass\u00f3ban iskol\u00e1i elv\u00e9gz\u00e9se ut\u00e1n a keresked\u00e9st tanulta. \u00d6n\u00e1ll\u00f3 lett Mv.-en (1940\u2013) Szakk\u00e9pzett csemegekeresked\u0151, \u00fczlete a k\u00f6rny\u00e9k kedvelt bev\u00e1s\u00e1rl\u00f3 k\u00f6zpontja volt. Irod.: Sz\u00e9kelyf\u00f6ld \u00ed. k<\/p>\n","protected":false},"featured_media":0,"comment_status":"open","ping_status":"closed","template":"","meta":[],"product_brand":[],"product_cat":[137],"product_tag":[],"class_list":{"0":"post-7774","1":"product","2":"type-product","3":"status-publish","5":"product_cat-maros-megyei-eletrajzi-lexikon","7":"first","8":"instock","9":"shipping-taxable","10":"product-type-simple"},"_links":{"self":[{"href":"https:\/\/uj.adatbank.ro\/lexikon\/wp-json\/wp\/v2\/product\/7774","targetHints":{"allow":["GET"]}}],"collection":[{"href":"https:\/\/uj.adatbank.ro\/lexikon\/wp-json\/wp\/v2\/product"}],"about":[{"href":"https:\/\/uj.adatbank.ro\/lexikon\/wp-json\/wp\/v2\/types\/product"}],"replies":[{"embeddable":true,"href":"https:\/\/uj.adatbank.ro\/lexikon\/wp-json\/wp\/v2\/comments?post=7774"}],"wp:attachment":[{"href":"https:\/\/uj.adatbank.ro\/lexikon\/wp-json\/wp\/v2\/media?parent=7774"}],"wp:term":[{"taxonomy":"product_brand","embeddable":true,"href":"https:\/\/uj.adatbank.ro\/lexikon\/wp-json\/wp\/v2\/product_brand?post=7774"},{"taxonomy":"product_cat","embeddable":true,"href":"https:\/\/uj.adatbank.ro\/lexikon\/wp-json\/wp\/v2\/product_cat?post=7774"},{"taxonomy":"product_tag","embeddable":true,"href":"https:\/\/uj.adatbank.ro\/lexikon\/wp-json\/wp\/v2\/product_tag?post=7774"}],"curies":[{"name":"wp","href":"https:\/\/api.w.org\/{rel}","templated":true}]}}