{"id":7778,"date":"2025-06-29T10:03:30","date_gmt":"2025-06-29T08:03:30","guid":{"rendered":"https:\/\/uj.adatbank.ro\/lexikon\/termek\/fazekas-jozsef\/"},"modified":"2025-06-29T10:03:30","modified_gmt":"2025-06-29T08:03:30","slug":"fazekas-jozsef","status":"publish","type":"product","link":"https:\/\/uj.adatbank.ro\/lexikon\/termek\/fazekas-jozsef\/","title":{"rendered":"FAZEKAS J\u00f3zsef"},"content":{"rendered":"<p>Cs\u00edkfalva, 1925. j\u00fan. 24\u2020\u00a01944. okt. 25.: honv\u00e9d. \u2013 Gy\u00f6rgy S\u00e1ra fia. 70. gyalogezred. Aknaszil\u00e1nk \u00e1ldozata. Eltemett\u00e9k Apagy, h\u0151s\u00f6k temet\u0151j\u00e9ben. <br \/><strong>Irod.:<\/strong> Berekm\u00e9ri 2015<\/br><\/p>\n","protected":false},"excerpt":{"rendered":"<p>Cs\u00edkfalva, 1925. j\u00fan. 24\u2020\u00a01944. okt. 25.: honv\u00e9d. \u2013 Gy\u00f6rgy S\u00e1ra fia. 70. gyalogezred. Aknaszil\u00e1nk \u00e1ldozata. Eltemett\u00e9k Apagy, h\u0151s\u00f6k temet\u0151j\u00e9ben. Irod.: Berekm\u00e9ri 2015<\/p>\n","protected":false},"featured_media":0,"comment_status":"open","ping_status":"closed","template":"","meta":[],"product_brand":[],"product_cat":[137],"product_tag":[],"class_list":{"0":"post-7778","1":"product","2":"type-product","3":"status-publish","5":"product_cat-maros-megyei-eletrajzi-lexikon","7":"first","8":"instock","9":"shipping-taxable","10":"product-type-simple"},"_links":{"self":[{"href":"https:\/\/uj.adatbank.ro\/lexikon\/wp-json\/wp\/v2\/product\/7778","targetHints":{"allow":["GET"]}}],"collection":[{"href":"https:\/\/uj.adatbank.ro\/lexikon\/wp-json\/wp\/v2\/product"}],"about":[{"href":"https:\/\/uj.adatbank.ro\/lexikon\/wp-json\/wp\/v2\/types\/product"}],"replies":[{"embeddable":true,"href":"https:\/\/uj.adatbank.ro\/lexikon\/wp-json\/wp\/v2\/comments?post=7778"}],"wp:attachment":[{"href":"https:\/\/uj.adatbank.ro\/lexikon\/wp-json\/wp\/v2\/media?parent=7778"}],"wp:term":[{"taxonomy":"product_brand","embeddable":true,"href":"https:\/\/uj.adatbank.ro\/lexikon\/wp-json\/wp\/v2\/product_brand?post=7778"},{"taxonomy":"product_cat","embeddable":true,"href":"https:\/\/uj.adatbank.ro\/lexikon\/wp-json\/wp\/v2\/product_cat?post=7778"},{"taxonomy":"product_tag","embeddable":true,"href":"https:\/\/uj.adatbank.ro\/lexikon\/wp-json\/wp\/v2\/product_tag?post=7778"}],"curies":[{"name":"wp","href":"https:\/\/api.w.org\/{rel}","templated":true}]}}