{"id":7781,"date":"2025-06-29T10:03:35","date_gmt":"2025-06-29T08:03:35","guid":{"rendered":"https:\/\/uj.adatbank.ro\/lexikon\/termek\/fazekas-miklos\/"},"modified":"2025-06-29T10:03:35","modified_gmt":"2025-06-29T08:03:35","slug":"fazekas-miklos","status":"publish","type":"product","link":"https:\/\/uj.adatbank.ro\/lexikon\/termek\/fazekas-miklos\/","title":{"rendered":"FAZEKAS Mikl\u00f3s"},"content":{"rendered":"<p>? \u2020\u00a0? : adom\u00e1nyoz\u00f3. \u2013 Feles\u00e9ge: Fekete Judith. &#8211; A Sz\u00e9kelykakasd ref. ekl\u00e9zsi\u00e1ja sz\u00e1m\u00e1ra sokan adakoztak (1697\u20131707), t\u00f6bbek k\u00f6z\u00f6tt a feles\u00e9ge \u201eP\u00e1hoj Abroszt\u201d adott. <br \/><strong>Irod.:<\/strong> Sz\u00e9kelykakasd<\/br><\/p>\n","protected":false},"excerpt":{"rendered":"<p>? \u2020\u00a0? : adom\u00e1nyoz\u00f3. \u2013 Feles\u00e9ge: Fekete Judith. &#8211; A Sz\u00e9kelykakasd ref. ekl\u00e9zsi\u00e1ja sz\u00e1m\u00e1ra sokan adakoztak (1697\u20131707), t\u00f6bbek k\u00f6z\u00f6tt a feles\u00e9ge \u201eP\u00e1hoj Abroszt\u201d adott. Irod.: Sz\u00e9kelykakasd<\/p>\n","protected":false},"featured_media":0,"comment_status":"open","ping_status":"closed","template":"","meta":[],"product_brand":[],"product_cat":[137],"product_tag":[],"class_list":{"0":"post-7781","1":"product","2":"type-product","3":"status-publish","5":"product_cat-maros-megyei-eletrajzi-lexikon","7":"first","8":"instock","9":"shipping-taxable","10":"product-type-simple"},"_links":{"self":[{"href":"https:\/\/uj.adatbank.ro\/lexikon\/wp-json\/wp\/v2\/product\/7781","targetHints":{"allow":["GET"]}}],"collection":[{"href":"https:\/\/uj.adatbank.ro\/lexikon\/wp-json\/wp\/v2\/product"}],"about":[{"href":"https:\/\/uj.adatbank.ro\/lexikon\/wp-json\/wp\/v2\/types\/product"}],"replies":[{"embeddable":true,"href":"https:\/\/uj.adatbank.ro\/lexikon\/wp-json\/wp\/v2\/comments?post=7781"}],"wp:attachment":[{"href":"https:\/\/uj.adatbank.ro\/lexikon\/wp-json\/wp\/v2\/media?parent=7781"}],"wp:term":[{"taxonomy":"product_brand","embeddable":true,"href":"https:\/\/uj.adatbank.ro\/lexikon\/wp-json\/wp\/v2\/product_brand?post=7781"},{"taxonomy":"product_cat","embeddable":true,"href":"https:\/\/uj.adatbank.ro\/lexikon\/wp-json\/wp\/v2\/product_cat?post=7781"},{"taxonomy":"product_tag","embeddable":true,"href":"https:\/\/uj.adatbank.ro\/lexikon\/wp-json\/wp\/v2\/product_tag?post=7781"}],"curies":[{"name":"wp","href":"https:\/\/api.w.org\/{rel}","templated":true}]}}