{"id":7783,"date":"2025-06-29T10:03:41","date_gmt":"2025-06-29T08:03:41","guid":{"rendered":"https:\/\/uj.adatbank.ro\/lexikon\/termek\/fechetici-nicolae\/"},"modified":"2025-06-29T10:03:41","modified_gmt":"2025-06-29T08:03:41","slug":"fechetici-nicolae","status":"publish","type":"product","link":"https:\/\/uj.adatbank.ro\/lexikon\/termek\/fechetici-nicolae\/","title":{"rendered":"FECHETICI Nicolae"},"content":{"rendered":"<p>? \u2020\u00a0? : ort. lelk\u00e9sz. \u2013 Bonyh\u00e1n volt lelk\u00e9sz. A r\u00e9gi fagerend\u00e1b\u00f3l k\u00e9sz\u00fclt bonyhai templom \u00f6sszeomlott, \u00fajat kellett \u00e9p\u00edteni (1876), amely ma is \u00e1ll. A ter\u00fcletet Bethlen \u00c1rp\u00e1d gr. adom\u00e1nyozta \u00e9s paps\u00e1ga alatt \u00e9p\u00edtette fel a templomot, k\u00e9s\u0151bb t\u00f6bb \u00edzben renov\u00e1lt\u00e1k (1918, 1932, 1970\u201371, 1998\u20132000). <br \/><strong>Irod.:<\/strong> Bonyha \u00e9s egyh\u00e1za (2000).<\/br><\/p>\n","protected":false},"excerpt":{"rendered":"<p>? \u2020\u00a0? : ort. lelk\u00e9sz. \u2013 Bonyh\u00e1n volt lelk\u00e9sz. A r\u00e9gi fagerend\u00e1b\u00f3l k\u00e9sz\u00fclt bonyhai templom \u00f6sszeomlott, \u00fajat kellett \u00e9p\u00edteni (1876), amely ma is \u00e1ll. A ter\u00fcletet Bethlen \u00c1rp\u00e1d gr. adom\u00e1nyozta \u00e9s paps\u00e1ga alatt \u00e9p\u00edtette fel a templomot, k\u00e9s\u0151bb t\u00f6bb \u00edzben renov\u00e1lt\u00e1k (1918, 1932, 1970\u201371, 1998\u20132000). Irod.: Bonyha \u00e9s egyh\u00e1za (2000).<\/p>\n","protected":false},"featured_media":0,"comment_status":"open","ping_status":"closed","template":"","meta":[],"product_brand":[],"product_cat":[137],"product_tag":[],"class_list":{"0":"post-7783","1":"product","2":"type-product","3":"status-publish","5":"product_cat-maros-megyei-eletrajzi-lexikon","7":"first","8":"instock","9":"shipping-taxable","10":"product-type-simple"},"_links":{"self":[{"href":"https:\/\/uj.adatbank.ro\/lexikon\/wp-json\/wp\/v2\/product\/7783","targetHints":{"allow":["GET"]}}],"collection":[{"href":"https:\/\/uj.adatbank.ro\/lexikon\/wp-json\/wp\/v2\/product"}],"about":[{"href":"https:\/\/uj.adatbank.ro\/lexikon\/wp-json\/wp\/v2\/types\/product"}],"replies":[{"embeddable":true,"href":"https:\/\/uj.adatbank.ro\/lexikon\/wp-json\/wp\/v2\/comments?post=7783"}],"wp:attachment":[{"href":"https:\/\/uj.adatbank.ro\/lexikon\/wp-json\/wp\/v2\/media?parent=7783"}],"wp:term":[{"taxonomy":"product_brand","embeddable":true,"href":"https:\/\/uj.adatbank.ro\/lexikon\/wp-json\/wp\/v2\/product_brand?post=7783"},{"taxonomy":"product_cat","embeddable":true,"href":"https:\/\/uj.adatbank.ro\/lexikon\/wp-json\/wp\/v2\/product_cat?post=7783"},{"taxonomy":"product_tag","embeddable":true,"href":"https:\/\/uj.adatbank.ro\/lexikon\/wp-json\/wp\/v2\/product_tag?post=7783"}],"curies":[{"name":"wp","href":"https:\/\/api.w.org\/{rel}","templated":true}]}}