{"id":7784,"date":"2025-06-29T10:03:42","date_gmt":"2025-06-29T08:03:42","guid":{"rendered":"https:\/\/uj.adatbank.ro\/lexikon\/termek\/feher-erzsi-feigl-erzsi-huber-miklosne\/"},"modified":"2025-06-29T10:03:42","modified_gmt":"2025-06-29T08:03:42","slug":"feher-erzsi-feigl-erzsi-huber-miklosne","status":"publish","type":"product","link":"https:\/\/uj.adatbank.ro\/lexikon\/termek\/feher-erzsi-feigl-erzsi-huber-miklosne\/","title":{"rendered":"FEH\u00c9R Erzsi, Feigl Erzsi; Huber Mikl\u00f3sn\u00e9"},"content":{"rendered":"<p>B\u00f6z\u00f6d\u00fajfalu, 1875. \u00e1pr. 2., \u2020 Kv., 1924. \u00e1pr. 24.: sz\u00edn\u00e9szn\u0151. \u2013 Feh\u00e9r Imre sz\u00ednigazgat\u00f3 testv\u00e9re. \u2013 P\u00e1ly\u00e1j\u00e1t szubrettk\u00e9nt, naivak\u00e9nt kezdte, r\u00f6vid id\u0151 alatt kit\u0171n\u0151 dr\u00e1mai szende lett \u00e9s Erd\u00e9ly egyik legnagyobb anyasz\u00edn\u00e9szek\u00e9nt fejezte be. Szalkay Lajos t\u00e1rsulat\u00e1ban gyakornok, majd Micsey F. Gy\u00f6rgy t\u00e1rsulat\u00e1hoz szerz\u0151d\u00f6tt: Kecskem\u00e9ten (1899), D\u00e9v\u00e1n (1900 \u0151sze), D\u00e9sen, Nagyk\u0151r\u00f6s\u00f6n, Nagyabonyban j\u00e1tszott. Tagja volt Halasi B\u00e9la (1901), Halmai Imre (1905- t\u00e1rsulat\u00e1val a felvid\u00e9ki vm. -\u00e9k v\u00e1rosaiban l\u00e9pett fel), Feh\u00e9r Vilmos (1908\u20131909), R\u00e1cz Dezs\u0151 (1909\u20131910), H\u00eddv\u00e9gi Ern\u0151 (1911\u20131912), Farkas Mikl\u00f3s (1917) t\u00e1rsulat\u00e1nak. J\u00e1tszott Sz\u00e9kesfeh\u00e9rv\u00e1ron, Zent\u00e1n, valamint sz\u00e1mos erd\u00e9lyi v\u00e1rosban pl. Mv.-en, Dics\u0151szentm\u00e1rtonban, Udvarhelyen (1922\u201323). \u2013 <strong>F. sz.:<\/strong> Eszter (G\u00e1rdonyi G.: A bor); Arz\u00e9na (J. Strauss: A cig\u00e1nyb\u00e1r\u00f3); R\u00f3zsi (Szigligeti E.: A csik\u00f3s); Athalie (J\u00f3kai: Az aranyember); Lili (Guthi F., R\u00e1kosi V.: A k\u00e9pvisel\u0151 \u00far); Kl\u00e1ra (Mil\u00f6cker: H\u00e1rom p\u00e1r cip\u0151); Margot (Konti J: Az eleven \u00f6rd\u00f6g); Charlotte, a csapos l\u00e1nya (Planquette: Ripp van Winkle); F\u00e9j\u00e1n\u00e9 (F\u00e9nyes Samu: Kuruc F\u00e9ja D\u00e1vid); Alvingn\u00e9 (Ibsen H.: K\u00eds\u00e9rtetek). \u2013 Irod: Enyedi; K\u00f6t\u0151; R\u00daL<\/br><\/p>\n","protected":false},"excerpt":{"rendered":"<p>B\u00f6z\u00f6d\u00fajfalu, 1875. \u00e1pr. 2., \u2020 Kv., 1924. \u00e1pr. 24.: sz\u00edn\u00e9szn\u0151. \u2013 Feh\u00e9r Imre sz\u00ednigazgat\u00f3 testv\u00e9re. \u2013 P\u00e1ly\u00e1j\u00e1t szubrettk\u00e9nt, naivak\u00e9nt kezdte, r\u00f6vid id\u0151 alatt kit\u0171n\u0151 dr\u00e1mai szende lett \u00e9s Erd\u00e9ly egyik legnagyobb anyasz\u00edn\u00e9szek\u00e9nt fejezte be. Szalkay Lajos t\u00e1rsulat\u00e1ban gyakornok, majd Micsey F. Gy\u00f6rgy t\u00e1rsulat\u00e1hoz szerz\u0151d\u00f6tt: Kecskem\u00e9ten (1899), D\u00e9v\u00e1n (1900 \u0151sze), D\u00e9sen, Nagyk\u0151r\u00f6s\u00f6n, Nagyabonyban j\u00e1tszott. Tagja volt [&hellip;]<\/p>\n","protected":false},"featured_media":0,"comment_status":"open","ping_status":"closed","template":"","meta":[],"product_brand":[],"product_cat":[137],"product_tag":[],"class_list":{"0":"post-7784","1":"product","2":"type-product","3":"status-publish","5":"product_cat-maros-megyei-eletrajzi-lexikon","7":"first","8":"instock","9":"shipping-taxable","10":"product-type-simple"},"_links":{"self":[{"href":"https:\/\/uj.adatbank.ro\/lexikon\/wp-json\/wp\/v2\/product\/7784","targetHints":{"allow":["GET"]}}],"collection":[{"href":"https:\/\/uj.adatbank.ro\/lexikon\/wp-json\/wp\/v2\/product"}],"about":[{"href":"https:\/\/uj.adatbank.ro\/lexikon\/wp-json\/wp\/v2\/types\/product"}],"replies":[{"embeddable":true,"href":"https:\/\/uj.adatbank.ro\/lexikon\/wp-json\/wp\/v2\/comments?post=7784"}],"wp:attachment":[{"href":"https:\/\/uj.adatbank.ro\/lexikon\/wp-json\/wp\/v2\/media?parent=7784"}],"wp:term":[{"taxonomy":"product_brand","embeddable":true,"href":"https:\/\/uj.adatbank.ro\/lexikon\/wp-json\/wp\/v2\/product_brand?post=7784"},{"taxonomy":"product_cat","embeddable":true,"href":"https:\/\/uj.adatbank.ro\/lexikon\/wp-json\/wp\/v2\/product_cat?post=7784"},{"taxonomy":"product_tag","embeddable":true,"href":"https:\/\/uj.adatbank.ro\/lexikon\/wp-json\/wp\/v2\/product_tag?post=7784"}],"curies":[{"name":"wp","href":"https:\/\/api.w.org\/{rel}","templated":true}]}}