{"id":7785,"date":"2025-06-29T10:03:44","date_gmt":"2025-06-29T08:03:44","guid":{"rendered":"https:\/\/uj.adatbank.ro\/lexikon\/termek\/feher-imre-%c2%a7\/"},"modified":"2025-06-29T10:03:44","modified_gmt":"2025-06-29T08:03:44","slug":"feher-imre-%c2%a7","status":"publish","type":"product","link":"https:\/\/uj.adatbank.ro\/lexikon\/termek\/feher-imre-%c2%a7\/","title":{"rendered":"FEH\u00c9R Imre, \u00a7"},"content":{"rendered":"<p>Erzs\u00e9betv\u00e1ros, 1885. szept. 1. \u2020\u00a0? : sz\u00edn\u00e9sz, sz\u00ednigazgat\u00f3. \u2013 P\u00e1ly\u00e1ja kezdet\u00e9n sz\u00edn\u00e9sz volt (1912\u2013). Sz\u00ednigazgat\u00f3 lett (1917. szept. 1. -\u2013). A rom\u00e1n korm\u00e1nyt\u00f3l kapott enged\u00e9lyt (1919. m\u00e1rc. 14.) s mint II. rend\u0171 iagazgat\u00f3 teljes felszerel\u00e9ssel rendelkezett. Els\u0151sorban a Sz\u00e9kelyf\u00f6ld\u00f6n m\u0171k\u00f6d\u00f6tt. T\u00e1rsulat\u00e1val j\u00e1tszott Sz\u00e1szr\u00e9genben (1920\u201321; 1924\u201325; 1925\u201326; 1930), Mv.-en (1925\u201326; 1927\u201328; 1928\u201329); Marosludas (1925\u201326). Az ig\u00e9nyes m\u0171sorpolitika h\u00edve volt: klasszikus esteket rendezett (1922), bemutatta a Hamletet, Othellot, Cyrano de Bergeracot, majd Schiller: Harami\u00e1k, Tolsztoj: \u00c9l\u0151 halott, Katona J\u00f3zsef: B\u00e1nk b\u00e1n, Strindberg: Hal\u00e1lt\u00e1nc, Schnitzler: K\u00f6rbe k\u00f6rbe is szerepelt a repertoarj\u00e1ban. Igyekezett t\u00e1rsulat\u00e1hoz a legjobb er\u0151ket szerz\u0151dtetni: Marosi B\u00e9l\u00e1t, Szabados \u00c1rp\u00e1dot. Neve fogalom volt az erd\u00e9lyi m. sz\u00edn\u00e9szetben. K\u00e9s\u0151bb \u00e1tk\u00f6lt\u00f6z\u00f6tt Magyaro.-ra. \u2013 <strong>F. sz.:<\/strong> P\u00e1l c\u00e1r (Neumann: Oroszorsz\u00e1g); Don Mac Gorn (Dunning-Abbot: Broadway), Howard Joyce (Maugham: A lev\u00e9l); A b\u00e1r\u00f3 (Szabados \u00c1rp\u00e1d: A fekete aut\u00f3); Gal\u00e1n Gy\u00f6rgy (Kazalicsky Antal: Tetemreh\u00edv\u00e1s); Torday Dezs\u0151 (F\u00f6ldes Imre: A kuruzsl\u00f3); B\u00e1r\u00f3 Tarpataky (Zerkovitz B\u00e9la: Cs\u00f3kos asszony); Turai (Moln\u00e1r Ferenc: J\u00e1t\u00e9k a kast\u00e9lyban); Csorba M\u00e1rton (Csepreghy: S\u00e1rga csik\u00f3); Dr Tokeramo Nitobe (Lengyel Menyh\u00e9rt: Taifun); Puzs\u00e9r (Moln\u00e1r Ferenc: Doktor \u00far). <br \/><strong>Irod.:<\/strong> K\u00f6t\u0151; \u00d6kr\u00f6s<\/br><\/p>\n","protected":false},"excerpt":{"rendered":"<p>Erzs\u00e9betv\u00e1ros, 1885. szept. 1. \u2020\u00a0? : sz\u00edn\u00e9sz, sz\u00ednigazgat\u00f3. \u2013 P\u00e1ly\u00e1ja kezdet\u00e9n sz\u00edn\u00e9sz volt (1912\u2013). Sz\u00ednigazgat\u00f3 lett (1917. szept. 1. -\u2013). A rom\u00e1n korm\u00e1nyt\u00f3l kapott enged\u00e9lyt (1919. m\u00e1rc. 14.) s mint II. rend\u0171 iagazgat\u00f3 teljes felszerel\u00e9ssel rendelkezett. Els\u0151sorban a Sz\u00e9kelyf\u00f6ld\u00f6n m\u0171k\u00f6d\u00f6tt. T\u00e1rsulat\u00e1val j\u00e1tszott Sz\u00e1szr\u00e9genben (1920\u201321; 1924\u201325; 1925\u201326; 1930), Mv.-en (1925\u201326; 1927\u201328; 1928\u201329); Marosludas (1925\u201326). Az ig\u00e9nyes [&hellip;]<\/p>\n","protected":false},"featured_media":0,"comment_status":"open","ping_status":"closed","template":"","meta":[],"product_brand":[],"product_cat":[137],"product_tag":[],"class_list":{"0":"post-7785","1":"product","2":"type-product","3":"status-publish","5":"product_cat-maros-megyei-eletrajzi-lexikon","7":"first","8":"instock","9":"shipping-taxable","10":"product-type-simple"},"_links":{"self":[{"href":"https:\/\/uj.adatbank.ro\/lexikon\/wp-json\/wp\/v2\/product\/7785","targetHints":{"allow":["GET"]}}],"collection":[{"href":"https:\/\/uj.adatbank.ro\/lexikon\/wp-json\/wp\/v2\/product"}],"about":[{"href":"https:\/\/uj.adatbank.ro\/lexikon\/wp-json\/wp\/v2\/types\/product"}],"replies":[{"embeddable":true,"href":"https:\/\/uj.adatbank.ro\/lexikon\/wp-json\/wp\/v2\/comments?post=7785"}],"wp:attachment":[{"href":"https:\/\/uj.adatbank.ro\/lexikon\/wp-json\/wp\/v2\/media?parent=7785"}],"wp:term":[{"taxonomy":"product_brand","embeddable":true,"href":"https:\/\/uj.adatbank.ro\/lexikon\/wp-json\/wp\/v2\/product_brand?post=7785"},{"taxonomy":"product_cat","embeddable":true,"href":"https:\/\/uj.adatbank.ro\/lexikon\/wp-json\/wp\/v2\/product_cat?post=7785"},{"taxonomy":"product_tag","embeddable":true,"href":"https:\/\/uj.adatbank.ro\/lexikon\/wp-json\/wp\/v2\/product_tag?post=7785"}],"curies":[{"name":"wp","href":"https:\/\/api.w.org\/{rel}","templated":true}]}}