{"id":7787,"date":"2025-06-29T10:03:49","date_gmt":"2025-06-29T08:03:49","guid":{"rendered":"https:\/\/uj.adatbank.ro\/lexikon\/termek\/feher-pal\/"},"modified":"2025-06-29T10:03:49","modified_gmt":"2025-06-29T08:03:49","slug":"feher-pal","status":"publish","type":"product","link":"https:\/\/uj.adatbank.ro\/lexikon\/termek\/feher-pal\/","title":{"rendered":"FEH\u00c9R P\u00e1l"},"content":{"rendered":"<p>? \u2020\u00a0? : ref. lelk\u00e9sz. \u2013 Nagyenyeden volt seg\u00e9dlelk\u00e9sz. Radn\u00f3ti lelk\u00e9sz, a k\u00fck\u00fcll\u0151i egyh\u00e1zmegye esperese (1900\u2013). <br \/><strong>Irod.:<\/strong> Benk\u0151 M\u00e1rton: Az enyedi papokr\u00f3l sz\u00f3l\u00f3 feljegyz\u00e9sek (Erd\u00e9lyi Protest\u00e1ns K\u00f6zl\u00f6ny, 49\u201350. sz., 1877.)<\/br><\/p>\n","protected":false},"excerpt":{"rendered":"<p>? \u2020\u00a0? : ref. lelk\u00e9sz. \u2013 Nagyenyeden volt seg\u00e9dlelk\u00e9sz. Radn\u00f3ti lelk\u00e9sz, a k\u00fck\u00fcll\u0151i egyh\u00e1zmegye esperese (1900\u2013). Irod.: Benk\u0151 M\u00e1rton: Az enyedi papokr\u00f3l sz\u00f3l\u00f3 feljegyz\u00e9sek (Erd\u00e9lyi Protest\u00e1ns K\u00f6zl\u00f6ny, 49\u201350. sz., 1877.)<\/p>\n","protected":false},"featured_media":0,"comment_status":"open","ping_status":"closed","template":"","meta":[],"product_brand":[],"product_cat":[137],"product_tag":[],"class_list":{"0":"post-7787","1":"product","2":"type-product","3":"status-publish","5":"product_cat-maros-megyei-eletrajzi-lexikon","7":"first","8":"instock","9":"shipping-taxable","10":"product-type-simple"},"_links":{"self":[{"href":"https:\/\/uj.adatbank.ro\/lexikon\/wp-json\/wp\/v2\/product\/7787","targetHints":{"allow":["GET"]}}],"collection":[{"href":"https:\/\/uj.adatbank.ro\/lexikon\/wp-json\/wp\/v2\/product"}],"about":[{"href":"https:\/\/uj.adatbank.ro\/lexikon\/wp-json\/wp\/v2\/types\/product"}],"replies":[{"embeddable":true,"href":"https:\/\/uj.adatbank.ro\/lexikon\/wp-json\/wp\/v2\/comments?post=7787"}],"wp:attachment":[{"href":"https:\/\/uj.adatbank.ro\/lexikon\/wp-json\/wp\/v2\/media?parent=7787"}],"wp:term":[{"taxonomy":"product_brand","embeddable":true,"href":"https:\/\/uj.adatbank.ro\/lexikon\/wp-json\/wp\/v2\/product_brand?post=7787"},{"taxonomy":"product_cat","embeddable":true,"href":"https:\/\/uj.adatbank.ro\/lexikon\/wp-json\/wp\/v2\/product_cat?post=7787"},{"taxonomy":"product_tag","embeddable":true,"href":"https:\/\/uj.adatbank.ro\/lexikon\/wp-json\/wp\/v2\/product_tag?post=7787"}],"curies":[{"name":"wp","href":"https:\/\/api.w.org\/{rel}","templated":true}]}}