{"id":7788,"date":"2025-06-29T10:03:51","date_gmt":"2025-06-29T08:03:51","guid":{"rendered":"https:\/\/uj.adatbank.ro\/lexikon\/termek\/fehervari-mihaly\/"},"modified":"2025-06-29T10:03:51","modified_gmt":"2025-06-29T08:03:51","slug":"fehervari-mihaly","status":"publish","type":"product","link":"https:\/\/uj.adatbank.ro\/lexikon\/termek\/fehervari-mihaly\/","title":{"rendered":"FEH\u00c9RV\u00c1RI Mih\u00e1ly"},"content":{"rendered":"<p>? \u2020 Mez\u0151zombor, 1944. \u2013 H\u0151si hal\u00e1lt halt. Eml\u00e9kt\u00e1bl\u00e1ja a nagyteremii ref. templomban tal\u00e1lhat\u00f3. <br \/><strong>Irod.:<\/strong> Sepsisz\u00e9ki<\/br><\/p>\n","protected":false},"excerpt":{"rendered":"<p>? \u2020 Mez\u0151zombor, 1944. \u2013 H\u0151si hal\u00e1lt halt. Eml\u00e9kt\u00e1bl\u00e1ja a nagyteremii ref. templomban tal\u00e1lhat\u00f3. Irod.: Sepsisz\u00e9ki<\/p>\n","protected":false},"featured_media":0,"comment_status":"open","ping_status":"closed","template":"","meta":[],"product_brand":[],"product_cat":[137],"product_tag":[],"class_list":{"0":"post-7788","1":"product","2":"type-product","3":"status-publish","5":"product_cat-maros-megyei-eletrajzi-lexikon","7":"first","8":"instock","9":"shipping-taxable","10":"product-type-simple"},"_links":{"self":[{"href":"https:\/\/uj.adatbank.ro\/lexikon\/wp-json\/wp\/v2\/product\/7788","targetHints":{"allow":["GET"]}}],"collection":[{"href":"https:\/\/uj.adatbank.ro\/lexikon\/wp-json\/wp\/v2\/product"}],"about":[{"href":"https:\/\/uj.adatbank.ro\/lexikon\/wp-json\/wp\/v2\/types\/product"}],"replies":[{"embeddable":true,"href":"https:\/\/uj.adatbank.ro\/lexikon\/wp-json\/wp\/v2\/comments?post=7788"}],"wp:attachment":[{"href":"https:\/\/uj.adatbank.ro\/lexikon\/wp-json\/wp\/v2\/media?parent=7788"}],"wp:term":[{"taxonomy":"product_brand","embeddable":true,"href":"https:\/\/uj.adatbank.ro\/lexikon\/wp-json\/wp\/v2\/product_brand?post=7788"},{"taxonomy":"product_cat","embeddable":true,"href":"https:\/\/uj.adatbank.ro\/lexikon\/wp-json\/wp\/v2\/product_cat?post=7788"},{"taxonomy":"product_tag","embeddable":true,"href":"https:\/\/uj.adatbank.ro\/lexikon\/wp-json\/wp\/v2\/product_tag?post=7788"}],"curies":[{"name":"wp","href":"https:\/\/api.w.org\/{rel}","templated":true}]}}