{"id":7789,"date":"2025-06-29T10:03:52","date_gmt":"2025-06-29T08:03:52","guid":{"rendered":"https:\/\/uj.adatbank.ro\/lexikon\/termek\/fehervari-mihaly-albensis-mihaly\/"},"modified":"2025-06-29T10:03:52","modified_gmt":"2025-06-29T08:03:52","slug":"fehervari-mihaly-albensis-mihaly","status":"publish","type":"product","link":"https:\/\/uj.adatbank.ro\/lexikon\/termek\/fehervari-mihaly-albensis-mihaly\/","title":{"rendered":"FEH\u00c9RV\u00c1RI Mih\u00e1ly, Albensis Mih\u00e1ly"},"content":{"rendered":"<p>? \u2020 ? : ref. lelk\u00e9sz. \u2013 Debrecenben subscrib\u00e1lt (1627), Gog\u00e1nban (1641), V\u00e1mosg\u00e1lfalv\u00e1n (1643\u201348) \u00e9s Radn\u00f3ton szolg\u00e1lt (1651\u201353). <br \/><strong>Irod.:<\/strong> K\u00fck\u00fcll\u0151i Ref. Egyh\u00e1zm. 2., 4.<\/br><\/p>\n","protected":false},"excerpt":{"rendered":"<p>? \u2020 ? : ref. lelk\u00e9sz. \u2013 Debrecenben subscrib\u00e1lt (1627), Gog\u00e1nban (1641), V\u00e1mosg\u00e1lfalv\u00e1n (1643\u201348) \u00e9s Radn\u00f3ton szolg\u00e1lt (1651\u201353). Irod.: K\u00fck\u00fcll\u0151i Ref. Egyh\u00e1zm. 2., 4.<\/p>\n","protected":false},"featured_media":0,"comment_status":"open","ping_status":"closed","template":"","meta":[],"product_brand":[],"product_cat":[137],"product_tag":[],"class_list":{"0":"post-7789","1":"product","2":"type-product","3":"status-publish","5":"product_cat-maros-megyei-eletrajzi-lexikon","7":"first","8":"instock","9":"shipping-taxable","10":"product-type-simple"},"_links":{"self":[{"href":"https:\/\/uj.adatbank.ro\/lexikon\/wp-json\/wp\/v2\/product\/7789","targetHints":{"allow":["GET"]}}],"collection":[{"href":"https:\/\/uj.adatbank.ro\/lexikon\/wp-json\/wp\/v2\/product"}],"about":[{"href":"https:\/\/uj.adatbank.ro\/lexikon\/wp-json\/wp\/v2\/types\/product"}],"replies":[{"embeddable":true,"href":"https:\/\/uj.adatbank.ro\/lexikon\/wp-json\/wp\/v2\/comments?post=7789"}],"wp:attachment":[{"href":"https:\/\/uj.adatbank.ro\/lexikon\/wp-json\/wp\/v2\/media?parent=7789"}],"wp:term":[{"taxonomy":"product_brand","embeddable":true,"href":"https:\/\/uj.adatbank.ro\/lexikon\/wp-json\/wp\/v2\/product_brand?post=7789"},{"taxonomy":"product_cat","embeddable":true,"href":"https:\/\/uj.adatbank.ro\/lexikon\/wp-json\/wp\/v2\/product_cat?post=7789"},{"taxonomy":"product_tag","embeddable":true,"href":"https:\/\/uj.adatbank.ro\/lexikon\/wp-json\/wp\/v2\/product_tag?post=7789"}],"curies":[{"name":"wp","href":"https:\/\/api.w.org\/{rel}","templated":true}]}}