{"id":7790,"date":"2025-06-29T10:03:53","date_gmt":"2025-06-29T08:03:53","guid":{"rendered":"https:\/\/uj.adatbank.ro\/lexikon\/termek\/fehrentheil-gusztav\/"},"modified":"2025-06-29T10:03:53","modified_gmt":"2025-06-29T08:03:53","slug":"fehrentheil-gusztav","status":"publish","type":"product","link":"https:\/\/uj.adatbank.ro\/lexikon\/termek\/fehrentheil-gusztav\/","title":{"rendered":"FEHRENTHEIL Guszt\u00e1v"},"content":{"rendered":"<p>? \u2020 Bp., 1928. szept. 1\u00a0: lovag, bankigazgat\u00f3. \u2013 Mv.-en az Erd\u00e9lyi Kereskedelmi \u00e9s Hitelbank igazgat\u00f3ja volt (m\u00e9g 1924-ben is). Repatri\u00e1lt Mo.-ra (1921). <br \/><strong>Irod.:<\/strong> Id\u0151t\u00e1r 3; Pan\u0103<\/br><\/p>\n","protected":false},"excerpt":{"rendered":"<p>? \u2020 Bp., 1928. szept. 1\u00a0: lovag, bankigazgat\u00f3. \u2013 Mv.-en az Erd\u00e9lyi Kereskedelmi \u00e9s Hitelbank igazgat\u00f3ja volt (m\u00e9g 1924-ben is). Repatri\u00e1lt Mo.-ra (1921). Irod.: Id\u0151t\u00e1r 3; Pan\u0103<\/p>\n","protected":false},"featured_media":0,"comment_status":"open","ping_status":"closed","template":"","meta":[],"product_brand":[],"product_cat":[137],"product_tag":[],"class_list":{"0":"post-7790","1":"product","2":"type-product","3":"status-publish","5":"product_cat-maros-megyei-eletrajzi-lexikon","7":"first","8":"instock","9":"shipping-taxable","10":"product-type-simple"},"_links":{"self":[{"href":"https:\/\/uj.adatbank.ro\/lexikon\/wp-json\/wp\/v2\/product\/7790","targetHints":{"allow":["GET"]}}],"collection":[{"href":"https:\/\/uj.adatbank.ro\/lexikon\/wp-json\/wp\/v2\/product"}],"about":[{"href":"https:\/\/uj.adatbank.ro\/lexikon\/wp-json\/wp\/v2\/types\/product"}],"replies":[{"embeddable":true,"href":"https:\/\/uj.adatbank.ro\/lexikon\/wp-json\/wp\/v2\/comments?post=7790"}],"wp:attachment":[{"href":"https:\/\/uj.adatbank.ro\/lexikon\/wp-json\/wp\/v2\/media?parent=7790"}],"wp:term":[{"taxonomy":"product_brand","embeddable":true,"href":"https:\/\/uj.adatbank.ro\/lexikon\/wp-json\/wp\/v2\/product_brand?post=7790"},{"taxonomy":"product_cat","embeddable":true,"href":"https:\/\/uj.adatbank.ro\/lexikon\/wp-json\/wp\/v2\/product_cat?post=7790"},{"taxonomy":"product_tag","embeddable":true,"href":"https:\/\/uj.adatbank.ro\/lexikon\/wp-json\/wp\/v2\/product_tag?post=7790"}],"curies":[{"name":"wp","href":"https:\/\/api.w.org\/{rel}","templated":true}]}}