{"id":7794,"date":"2025-06-29T10:04:02","date_gmt":"2025-06-29T08:04:02","guid":{"rendered":"https:\/\/uj.adatbank.ro\/lexikon\/termek\/feier-vasile\/"},"modified":"2025-06-29T10:04:02","modified_gmt":"2025-06-29T08:04:02","slug":"feier-vasile","status":"publish","type":"product","link":"https:\/\/uj.adatbank.ro\/lexikon\/termek\/feier-vasile\/","title":{"rendered":"FEIER Vasile"},"content":{"rendered":"<p>G\u00f6rg\u00e9nyhod\u00e1k, 1916. m\u00e1rc. 13. \u2020 ? : \u0151rmester. \u2013 Sz\u00e1szr\u00e9geni lak\u00f3s. A bel\u00e9nyesi hegyivad\u00e1sz sz\u00e1zaddal r\u00e9sz vett a rom\u00e1n hadsereg keleti hadj\u00e1rataiban (1942 \u00e9s 44. \u00e1pr. -aug. 23). Szovjet hadifogs\u00e1gba ker\u00fclt (1944. \u201346. okt. 1.). <br \/><strong>Irod.:<\/strong> Reghin, militari<\/br><\/p>\n","protected":false},"excerpt":{"rendered":"<p>G\u00f6rg\u00e9nyhod\u00e1k, 1916. m\u00e1rc. 13. \u2020 ? : \u0151rmester. \u2013 Sz\u00e1szr\u00e9geni lak\u00f3s. A bel\u00e9nyesi hegyivad\u00e1sz sz\u00e1zaddal r\u00e9sz vett a rom\u00e1n hadsereg keleti hadj\u00e1rataiban (1942 \u00e9s 44. \u00e1pr. -aug. 23). Szovjet hadifogs\u00e1gba ker\u00fclt (1944. \u201346. okt. 1.). Irod.: Reghin, militari<\/p>\n","protected":false},"featured_media":0,"comment_status":"open","ping_status":"closed","template":"","meta":[],"product_brand":[],"product_cat":[137],"product_tag":[],"class_list":{"0":"post-7794","1":"product","2":"type-product","3":"status-publish","5":"product_cat-maros-megyei-eletrajzi-lexikon","7":"first","8":"instock","9":"shipping-taxable","10":"product-type-simple"},"_links":{"self":[{"href":"https:\/\/uj.adatbank.ro\/lexikon\/wp-json\/wp\/v2\/product\/7794","targetHints":{"allow":["GET"]}}],"collection":[{"href":"https:\/\/uj.adatbank.ro\/lexikon\/wp-json\/wp\/v2\/product"}],"about":[{"href":"https:\/\/uj.adatbank.ro\/lexikon\/wp-json\/wp\/v2\/types\/product"}],"replies":[{"embeddable":true,"href":"https:\/\/uj.adatbank.ro\/lexikon\/wp-json\/wp\/v2\/comments?post=7794"}],"wp:attachment":[{"href":"https:\/\/uj.adatbank.ro\/lexikon\/wp-json\/wp\/v2\/media?parent=7794"}],"wp:term":[{"taxonomy":"product_brand","embeddable":true,"href":"https:\/\/uj.adatbank.ro\/lexikon\/wp-json\/wp\/v2\/product_brand?post=7794"},{"taxonomy":"product_cat","embeddable":true,"href":"https:\/\/uj.adatbank.ro\/lexikon\/wp-json\/wp\/v2\/product_cat?post=7794"},{"taxonomy":"product_tag","embeddable":true,"href":"https:\/\/uj.adatbank.ro\/lexikon\/wp-json\/wp\/v2\/product_tag?post=7794"}],"curies":[{"name":"wp","href":"https:\/\/api.w.org\/{rel}","templated":true}]}}