{"id":7795,"date":"2025-06-29T10:04:03","date_gmt":"2025-06-29T08:04:03","guid":{"rendered":"https:\/\/uj.adatbank.ro\/lexikon\/termek\/feierne-fazakas-eva-rozalia-fazakas-eva-rozalia\/"},"modified":"2025-06-29T10:04:03","modified_gmt":"2025-06-29T08:04:03","slug":"feierne-fazakas-eva-rozalia-fazakas-eva-rozalia","status":"publish","type":"product","link":"https:\/\/uj.adatbank.ro\/lexikon\/termek\/feierne-fazakas-eva-rozalia-fazakas-eva-rozalia\/","title":{"rendered":"FEIERN\u00c9 FAZAKAS \u00c9va Roz\u00e1lia, Fazakas \u00c9va Roz\u00e1lia"},"content":{"rendered":"<p>Mv., 1949, \u2020\u00a0Bp., 1999. j\u00fal. 4. Mv.-en nyugszik: gy\u00f3gyszer\u00e9sz. \u2013 Mv.-en kapott gy\u00f3gyszer\u00e9sz oklevelet (1971). T\u00f6bb helyen dolgozott, majd Mv.-en Galenus n\u00e9ven ny\u00edtott saj\u00e1t gy\u00f3gyszert\u00e1rat (1990 ut\u00e1n). <br \/><strong>Irod.:<\/strong> P\u00e9ter H. M.; P\u00e9ter H. M. 2013<\/br><\/p>\n","protected":false},"excerpt":{"rendered":"<p>Mv., 1949, \u2020\u00a0Bp., 1999. j\u00fal. 4. Mv.-en nyugszik: gy\u00f3gyszer\u00e9sz. \u2013 Mv.-en kapott gy\u00f3gyszer\u00e9sz oklevelet (1971). T\u00f6bb helyen dolgozott, majd Mv.-en Galenus n\u00e9ven ny\u00edtott saj\u00e1t gy\u00f3gyszert\u00e1rat (1990 ut\u00e1n). Irod.: P\u00e9ter H. M.; P\u00e9ter H. M. 2013<\/p>\n","protected":false},"featured_media":0,"comment_status":"open","ping_status":"closed","template":"","meta":[],"product_brand":[],"product_cat":[137],"product_tag":[],"class_list":{"0":"post-7795","1":"product","2":"type-product","3":"status-publish","5":"product_cat-maros-megyei-eletrajzi-lexikon","7":"first","8":"instock","9":"shipping-taxable","10":"product-type-simple"},"_links":{"self":[{"href":"https:\/\/uj.adatbank.ro\/lexikon\/wp-json\/wp\/v2\/product\/7795","targetHints":{"allow":["GET"]}}],"collection":[{"href":"https:\/\/uj.adatbank.ro\/lexikon\/wp-json\/wp\/v2\/product"}],"about":[{"href":"https:\/\/uj.adatbank.ro\/lexikon\/wp-json\/wp\/v2\/types\/product"}],"replies":[{"embeddable":true,"href":"https:\/\/uj.adatbank.ro\/lexikon\/wp-json\/wp\/v2\/comments?post=7795"}],"wp:attachment":[{"href":"https:\/\/uj.adatbank.ro\/lexikon\/wp-json\/wp\/v2\/media?parent=7795"}],"wp:term":[{"taxonomy":"product_brand","embeddable":true,"href":"https:\/\/uj.adatbank.ro\/lexikon\/wp-json\/wp\/v2\/product_brand?post=7795"},{"taxonomy":"product_cat","embeddable":true,"href":"https:\/\/uj.adatbank.ro\/lexikon\/wp-json\/wp\/v2\/product_cat?post=7795"},{"taxonomy":"product_tag","embeddable":true,"href":"https:\/\/uj.adatbank.ro\/lexikon\/wp-json\/wp\/v2\/product_tag?post=7795"}],"curies":[{"name":"wp","href":"https:\/\/api.w.org\/{rel}","templated":true}]}}