{"id":7797,"date":"2025-06-29T10:04:06","date_gmt":"2025-06-29T08:04:06","guid":{"rendered":"https:\/\/uj.adatbank.ro\/lexikon\/termek\/feigl-matyas\/"},"modified":"2025-06-29T10:04:06","modified_gmt":"2025-06-29T08:04:06","slug":"feigl-matyas","status":"publish","type":"product","link":"https:\/\/uj.adatbank.ro\/lexikon\/termek\/feigl-matyas\/","title":{"rendered":"FEIGL M\u00e1ty\u00e1s"},"content":{"rendered":"<p>Egrest\u0151, 1908. j\u00fal. 15., \u2020 Gyergy\u00f3hodos, 1991. j\u00fan. 20.: r. k. pap. \u2013 Gyergy\u00f3szentmikl\u00f3son, Mv.-en \u00e9s Gyulafeh\u00e9rv\u00e1ron tanult. Papp\u00e1 szentelt\u00e9k Gyulafeh\u00e9rv\u00e1ron (1932. j\u00fan. 12.). K\u00e1pl\u00e1n volt Gyergy\u00f3\u00fajfaluban, L\u00f6v\u00e9t\u00e9n, Cs\u00edknagyboldogasszonyon, lelkip\u00e1sztor S\u00f3smez\u0151n, Gyergy\u00f3hodoson (1941\u2013). <br \/><strong>Irod.:<\/strong> Ferenczi S\u00e1ndor 2009<\/br><\/p>\n","protected":false},"excerpt":{"rendered":"<p>Egrest\u0151, 1908. j\u00fal. 15., \u2020 Gyergy\u00f3hodos, 1991. j\u00fan. 20.: r. k. pap. \u2013 Gyergy\u00f3szentmikl\u00f3son, Mv.-en \u00e9s Gyulafeh\u00e9rv\u00e1ron tanult. Papp\u00e1 szentelt\u00e9k Gyulafeh\u00e9rv\u00e1ron (1932. j\u00fan. 12.). K\u00e1pl\u00e1n volt Gyergy\u00f3\u00fajfaluban, L\u00f6v\u00e9t\u00e9n, Cs\u00edknagyboldogasszonyon, lelkip\u00e1sztor S\u00f3smez\u0151n, Gyergy\u00f3hodoson (1941\u2013). Irod.: Ferenczi S\u00e1ndor 2009<\/p>\n","protected":false},"featured_media":0,"comment_status":"open","ping_status":"closed","template":"","meta":[],"product_brand":[],"product_cat":[137],"product_tag":[],"class_list":{"0":"post-7797","1":"product","2":"type-product","3":"status-publish","5":"product_cat-maros-megyei-eletrajzi-lexikon","7":"first","8":"instock","9":"shipping-taxable","10":"product-type-simple"},"_links":{"self":[{"href":"https:\/\/uj.adatbank.ro\/lexikon\/wp-json\/wp\/v2\/product\/7797","targetHints":{"allow":["GET"]}}],"collection":[{"href":"https:\/\/uj.adatbank.ro\/lexikon\/wp-json\/wp\/v2\/product"}],"about":[{"href":"https:\/\/uj.adatbank.ro\/lexikon\/wp-json\/wp\/v2\/types\/product"}],"replies":[{"embeddable":true,"href":"https:\/\/uj.adatbank.ro\/lexikon\/wp-json\/wp\/v2\/comments?post=7797"}],"wp:attachment":[{"href":"https:\/\/uj.adatbank.ro\/lexikon\/wp-json\/wp\/v2\/media?parent=7797"}],"wp:term":[{"taxonomy":"product_brand","embeddable":true,"href":"https:\/\/uj.adatbank.ro\/lexikon\/wp-json\/wp\/v2\/product_brand?post=7797"},{"taxonomy":"product_cat","embeddable":true,"href":"https:\/\/uj.adatbank.ro\/lexikon\/wp-json\/wp\/v2\/product_cat?post=7797"},{"taxonomy":"product_tag","embeddable":true,"href":"https:\/\/uj.adatbank.ro\/lexikon\/wp-json\/wp\/v2\/product_tag?post=7797"}],"curies":[{"name":"wp","href":"https:\/\/api.w.org\/{rel}","templated":true}]}}