{"id":7802,"date":"2025-06-29T10:04:16","date_gmt":"2025-06-29T08:04:16","guid":{"rendered":"https:\/\/uj.adatbank.ro\/lexikon\/termek\/fejer-andras-2\/"},"modified":"2025-06-29T10:04:16","modified_gmt":"2025-06-29T08:04:16","slug":"fejer-andras-2","status":"publish","type":"product","link":"https:\/\/uj.adatbank.ro\/lexikon\/termek\/fejer-andras-2\/","title":{"rendered":"FEJ\u00c9R Andr\u00e1s"},"content":{"rendered":"<p>Gyimesb\u00fckk, 1926., \u2020\u00a0Mv., 2008: keresked\u0151. \u2013 F. Antal \u00e9s D\u00e1jbuk\u00e1t Veronika fia. Feles\u00e9ge: P\u00e1ll Anna, tan\u00edt\u00f3n\u0151. L\u00e1nyaik: \u00c1gnes (1958\u2013), Fogarasy Domokosn\u00e9, gyerekei: R\u00e9ka \u00e9s Emese; Zita (1961\u2013) B\u00edr\u00f3 Levent\u00e9n\u00e9, le\u00e1nyuk Rita. \u2013 Kereskedelmi iskol\u00e1t v\u00e9gzett. Mv.-en dolgozott, mint \u00fczletvezet\u0151 (1950-es \u00e9vekt\u0151l\u2013). <br \/><strong>Irod.:<\/strong> Sz\u00e1va 2012<\/br><\/p>\n","protected":false},"excerpt":{"rendered":"<p>Gyimesb\u00fckk, 1926., \u2020\u00a0Mv., 2008: keresked\u0151. \u2013 F. Antal \u00e9s D\u00e1jbuk\u00e1t Veronika fia. Feles\u00e9ge: P\u00e1ll Anna, tan\u00edt\u00f3n\u0151. L\u00e1nyaik: \u00c1gnes (1958\u2013), Fogarasy Domokosn\u00e9, gyerekei: R\u00e9ka \u00e9s Emese; Zita (1961\u2013) B\u00edr\u00f3 Levent\u00e9n\u00e9, le\u00e1nyuk Rita. \u2013 Kereskedelmi iskol\u00e1t v\u00e9gzett. Mv.-en dolgozott, mint \u00fczletvezet\u0151 (1950-es \u00e9vekt\u0151l\u2013). Irod.: Sz\u00e1va 2012<\/p>\n","protected":false},"featured_media":0,"comment_status":"open","ping_status":"closed","template":"","meta":[],"product_brand":[],"product_cat":[137],"product_tag":[],"class_list":{"0":"post-7802","1":"product","2":"type-product","3":"status-publish","5":"product_cat-maros-megyei-eletrajzi-lexikon","7":"first","8":"instock","9":"shipping-taxable","10":"product-type-simple"},"_links":{"self":[{"href":"https:\/\/uj.adatbank.ro\/lexikon\/wp-json\/wp\/v2\/product\/7802","targetHints":{"allow":["GET"]}}],"collection":[{"href":"https:\/\/uj.adatbank.ro\/lexikon\/wp-json\/wp\/v2\/product"}],"about":[{"href":"https:\/\/uj.adatbank.ro\/lexikon\/wp-json\/wp\/v2\/types\/product"}],"replies":[{"embeddable":true,"href":"https:\/\/uj.adatbank.ro\/lexikon\/wp-json\/wp\/v2\/comments?post=7802"}],"wp:attachment":[{"href":"https:\/\/uj.adatbank.ro\/lexikon\/wp-json\/wp\/v2\/media?parent=7802"}],"wp:term":[{"taxonomy":"product_brand","embeddable":true,"href":"https:\/\/uj.adatbank.ro\/lexikon\/wp-json\/wp\/v2\/product_brand?post=7802"},{"taxonomy":"product_cat","embeddable":true,"href":"https:\/\/uj.adatbank.ro\/lexikon\/wp-json\/wp\/v2\/product_cat?post=7802"},{"taxonomy":"product_tag","embeddable":true,"href":"https:\/\/uj.adatbank.ro\/lexikon\/wp-json\/wp\/v2\/product_tag?post=7802"}],"curies":[{"name":"wp","href":"https:\/\/api.w.org\/{rel}","templated":true}]}}