{"id":7804,"date":"2025-06-29T10:04:19","date_gmt":"2025-06-29T08:04:19","guid":{"rendered":"https:\/\/uj.adatbank.ro\/lexikon\/termek\/fejer-elemer\/"},"modified":"2025-06-29T10:04:19","modified_gmt":"2025-06-29T08:04:19","slug":"fejer-elemer","status":"publish","type":"product","link":"https:\/\/uj.adatbank.ro\/lexikon\/termek\/fejer-elemer\/","title":{"rendered":"FEJ\u00c9R Elem\u00e9r"},"content":{"rendered":"<p>\u00dclke, 1936. nov. 10. \u2020 Mv., 2020. aug. 28. tan\u00e1r, Karnagy. \u2013 F. D\u00e9nes \u00e9s Bong\u00e1rt Katalin tan\u00edt\u00f3k fia. &#8211; A kv.-i Gh. Dima Zeneakad. v\u00e9gzett (1963). A mv.-i zenem\u0171v\u00e9szeti szakk\u00f6z\u00e9p iskola tan\u00e1ra, zeneelm\u00e9letet, szolf\u00e9zs, \u00f6sszhangzattan, ellenponttan-tan\u00e1ra, tan\u00edtott kamarazen\u00e9t \u00e9s zongor\u00e1t. Az \u00c1llami \u00c9nek- \u00e9s T\u00e1ncegy\u00fcttes m\u0171v\u00e9szeti titk\u00e1ra (1964\u201370), a mv.-i Filharm\u00f3nia k\u00f3rus\u00e1nak karnagya. Lemezei: Szolg\u00e1ld a haz\u00e1t; Sziv\u00e1rv\u00e1ny havas\u00e1n. <br \/><strong>Irod.:<\/strong> EMKK 2000<\/br><\/p>\n","protected":false},"excerpt":{"rendered":"<p>\u00dclke, 1936. nov. 10. \u2020 Mv., 2020. aug. 28. tan\u00e1r, Karnagy. \u2013 F. D\u00e9nes \u00e9s Bong\u00e1rt Katalin tan\u00edt\u00f3k fia. &#8211; A kv.-i Gh. Dima Zeneakad. v\u00e9gzett (1963). A mv.-i zenem\u0171v\u00e9szeti szakk\u00f6z\u00e9p iskola tan\u00e1ra, zeneelm\u00e9letet, szolf\u00e9zs, \u00f6sszhangzattan, ellenponttan-tan\u00e1ra, tan\u00edtott kamarazen\u00e9t \u00e9s zongor\u00e1t. Az \u00c1llami \u00c9nek- \u00e9s T\u00e1ncegy\u00fcttes m\u0171v\u00e9szeti titk\u00e1ra (1964\u201370), a mv.-i Filharm\u00f3nia k\u00f3rus\u00e1nak karnagya. Lemezei: [&hellip;]<\/p>\n","protected":false},"featured_media":0,"comment_status":"open","ping_status":"closed","template":"","meta":[],"product_brand":[],"product_cat":[137],"product_tag":[],"class_list":{"0":"post-7804","1":"product","2":"type-product","3":"status-publish","5":"product_cat-maros-megyei-eletrajzi-lexikon","7":"first","8":"instock","9":"shipping-taxable","10":"product-type-simple"},"_links":{"self":[{"href":"https:\/\/uj.adatbank.ro\/lexikon\/wp-json\/wp\/v2\/product\/7804","targetHints":{"allow":["GET"]}}],"collection":[{"href":"https:\/\/uj.adatbank.ro\/lexikon\/wp-json\/wp\/v2\/product"}],"about":[{"href":"https:\/\/uj.adatbank.ro\/lexikon\/wp-json\/wp\/v2\/types\/product"}],"replies":[{"embeddable":true,"href":"https:\/\/uj.adatbank.ro\/lexikon\/wp-json\/wp\/v2\/comments?post=7804"}],"wp:attachment":[{"href":"https:\/\/uj.adatbank.ro\/lexikon\/wp-json\/wp\/v2\/media?parent=7804"}],"wp:term":[{"taxonomy":"product_brand","embeddable":true,"href":"https:\/\/uj.adatbank.ro\/lexikon\/wp-json\/wp\/v2\/product_brand?post=7804"},{"taxonomy":"product_cat","embeddable":true,"href":"https:\/\/uj.adatbank.ro\/lexikon\/wp-json\/wp\/v2\/product_cat?post=7804"},{"taxonomy":"product_tag","embeddable":true,"href":"https:\/\/uj.adatbank.ro\/lexikon\/wp-json\/wp\/v2\/product_tag?post=7804"}],"curies":[{"name":"wp","href":"https:\/\/api.w.org\/{rel}","templated":true}]}}