{"id":7806,"date":"2025-06-29T10:04:34","date_gmt":"2025-06-29T08:04:34","guid":{"rendered":"https:\/\/uj.adatbank.ro\/lexikon\/termek\/fejer-gergely\/"},"modified":"2025-06-29T10:04:34","modified_gmt":"2025-06-29T08:04:34","slug":"fejer-gergely","status":"publish","type":"product","link":"https:\/\/uj.adatbank.ro\/lexikon\/termek\/fejer-gergely\/","title":{"rendered":"FEJ\u00c9R Gergely"},"content":{"rendered":"<p>? \u2020\u00a0? : Feles\u00e9ge: Nov\u00e1k M\u00e1ria. Gyermekeik: Veronika (Mv., 1814. jan. 31. &#8211; ?); K\u00e1roly Luk\u00e1cs (1815. jan. 27. &#8211; ?); Deod\u00e1t (1818. \u00e1pr. 12. &#8211; ?); M\u00e1ria Anna (1820. dec. 9. \u2013 1837. dec. 13; 16 \u00e9vesen),. Karolina (1823. m\u00e1rc. 16. &#8211; ?), Katalin (1827. m\u00e1j. 19. &#8211; ?), Roz\u00e1lia 81836. j\u0151l. 11. &#8211; ?), Ferenc (1840. okt. 24. &#8211; ?). <br \/><strong>Irod.:<\/strong> Pusk\u00e1s \u2013 Sz\u00e1sz \u00c1v\u00e9d<\/br><\/p>\n","protected":false},"excerpt":{"rendered":"<p>? \u2020\u00a0? : Feles\u00e9ge: Nov\u00e1k M\u00e1ria. Gyermekeik: Veronika (Mv., 1814. jan. 31. &#8211; ?); K\u00e1roly Luk\u00e1cs (1815. jan. 27. &#8211; ?); Deod\u00e1t (1818. \u00e1pr. 12. &#8211; ?); M\u00e1ria Anna (1820. dec. 9. \u2013 1837. dec. 13; 16 \u00e9vesen),. Karolina (1823. m\u00e1rc. 16. &#8211; ?), Katalin (1827. m\u00e1j. 19. &#8211; ?), Roz\u00e1lia 81836. j\u0151l. 11. &#8211; [&hellip;]<\/p>\n","protected":false},"featured_media":0,"comment_status":"open","ping_status":"closed","template":"","meta":[],"product_brand":[],"product_cat":[137],"product_tag":[],"class_list":{"0":"post-7806","1":"product","2":"type-product","3":"status-publish","5":"product_cat-maros-megyei-eletrajzi-lexikon","7":"first","8":"instock","9":"shipping-taxable","10":"product-type-simple"},"_links":{"self":[{"href":"https:\/\/uj.adatbank.ro\/lexikon\/wp-json\/wp\/v2\/product\/7806","targetHints":{"allow":["GET"]}}],"collection":[{"href":"https:\/\/uj.adatbank.ro\/lexikon\/wp-json\/wp\/v2\/product"}],"about":[{"href":"https:\/\/uj.adatbank.ro\/lexikon\/wp-json\/wp\/v2\/types\/product"}],"replies":[{"embeddable":true,"href":"https:\/\/uj.adatbank.ro\/lexikon\/wp-json\/wp\/v2\/comments?post=7806"}],"wp:attachment":[{"href":"https:\/\/uj.adatbank.ro\/lexikon\/wp-json\/wp\/v2\/media?parent=7806"}],"wp:term":[{"taxonomy":"product_brand","embeddable":true,"href":"https:\/\/uj.adatbank.ro\/lexikon\/wp-json\/wp\/v2\/product_brand?post=7806"},{"taxonomy":"product_cat","embeddable":true,"href":"https:\/\/uj.adatbank.ro\/lexikon\/wp-json\/wp\/v2\/product_cat?post=7806"},{"taxonomy":"product_tag","embeddable":true,"href":"https:\/\/uj.adatbank.ro\/lexikon\/wp-json\/wp\/v2\/product_tag?post=7806"}],"curies":[{"name":"wp","href":"https:\/\/api.w.org\/{rel}","templated":true}]}}