{"id":7812,"date":"2025-06-29T10:04:50","date_gmt":"2025-06-29T08:04:50","guid":{"rendered":"https:\/\/uj.adatbank.ro\/lexikon\/termek\/fejer-jozsef-2\/"},"modified":"2025-06-29T10:04:50","modified_gmt":"2025-06-29T08:04:50","slug":"fejer-jozsef-2","status":"publish","type":"product","link":"https:\/\/uj.adatbank.ro\/lexikon\/termek\/fejer-jozsef-2\/","title":{"rendered":"FEJ\u00c9R J\u00f3zsef"},"content":{"rendered":"<p>Fogaras, 1897., \u2020\u00a0? : int\u00e9z\u0151 \u00e9s kisbirtokos. \u2013 Debrecenben v\u00e9gezte el a gazdas\u00e1gi akad. -\u00e1t. Int\u00e9z\u0151 Tancson, amellett saj\u00e1t kisbirtok\u00e1t is m\u0171velte. Az els\u0151 vh.-ban a 22. gy. e. ker\u00e9t\u00e1ben az orosz, olasz fronton harcolt, mint tartal\u00e9kos hadnagyk\u00e9nt szerelt le, kit\u00fcntet\u00e9sekkel. <br \/><strong>Irod.:<\/strong> Sz\u00e9kelyf\u00f6ld \u00ed. k<\/br><\/p>\n","protected":false},"excerpt":{"rendered":"<p>Fogaras, 1897., \u2020\u00a0? : int\u00e9z\u0151 \u00e9s kisbirtokos. \u2013 Debrecenben v\u00e9gezte el a gazdas\u00e1gi akad. -\u00e1t. Int\u00e9z\u0151 Tancson, amellett saj\u00e1t kisbirtok\u00e1t is m\u0171velte. Az els\u0151 vh.-ban a 22. gy. e. ker\u00e9t\u00e1ben az orosz, olasz fronton harcolt, mint tartal\u00e9kos hadnagyk\u00e9nt szerelt le, kit\u00fcntet\u00e9sekkel. Irod.: Sz\u00e9kelyf\u00f6ld \u00ed. k<\/p>\n","protected":false},"featured_media":0,"comment_status":"open","ping_status":"closed","template":"","meta":[],"product_brand":[],"product_cat":[137],"product_tag":[],"class_list":{"0":"post-7812","1":"product","2":"type-product","3":"status-publish","5":"product_cat-maros-megyei-eletrajzi-lexikon","7":"first","8":"instock","9":"shipping-taxable","10":"product-type-simple"},"_links":{"self":[{"href":"https:\/\/uj.adatbank.ro\/lexikon\/wp-json\/wp\/v2\/product\/7812","targetHints":{"allow":["GET"]}}],"collection":[{"href":"https:\/\/uj.adatbank.ro\/lexikon\/wp-json\/wp\/v2\/product"}],"about":[{"href":"https:\/\/uj.adatbank.ro\/lexikon\/wp-json\/wp\/v2\/types\/product"}],"replies":[{"embeddable":true,"href":"https:\/\/uj.adatbank.ro\/lexikon\/wp-json\/wp\/v2\/comments?post=7812"}],"wp:attachment":[{"href":"https:\/\/uj.adatbank.ro\/lexikon\/wp-json\/wp\/v2\/media?parent=7812"}],"wp:term":[{"taxonomy":"product_brand","embeddable":true,"href":"https:\/\/uj.adatbank.ro\/lexikon\/wp-json\/wp\/v2\/product_brand?post=7812"},{"taxonomy":"product_cat","embeddable":true,"href":"https:\/\/uj.adatbank.ro\/lexikon\/wp-json\/wp\/v2\/product_cat?post=7812"},{"taxonomy":"product_tag","embeddable":true,"href":"https:\/\/uj.adatbank.ro\/lexikon\/wp-json\/wp\/v2\/product_tag?post=7812"}],"curies":[{"name":"wp","href":"https:\/\/api.w.org\/{rel}","templated":true}]}}