{"id":7817,"date":"2025-06-29T10:04:58","date_gmt":"2025-06-29T08:04:58","guid":{"rendered":"https:\/\/uj.adatbank.ro\/lexikon\/termek\/fejer-pal\/"},"modified":"2025-06-29T10:04:58","modified_gmt":"2025-06-29T08:04:58","slug":"fejer-pal","status":"publish","type":"product","link":"https:\/\/uj.adatbank.ro\/lexikon\/termek\/fejer-pal\/","title":{"rendered":"FEJ\u00c9R P\u00e1l"},"content":{"rendered":"<p>Aranyospoly\u00e1n, 1878. jan. 9., \u2020\u00a0? : ref. lelk\u00e9sz, vall\u00e1stan\u00e1r. \u2013 A K\u00fck\u00fcll\u0151i Ref. Egyh\u00e1zmegye sz\u00e1mvev\u0151je, esperese (1922\u2013), Radn\u00f3ton lelk\u00e9sz (1927. \u00e1pr. \u201348. nov.). Mv.-en vall\u00e1stan\u00e1r a Ref. Iskol\u00e1ban \u00e9s az Egys\u00e9ges M. Gimn.-ban (? \u2013 1946). A mv.-i Ref. Koll. el\u0151lj\u00e1r\u00f3ja. <br \/><strong>Irod.:<\/strong> Iernut; Szabad Sz\u00f3 (1946. dec. 18.; 1946. dec. 20.); EM; Zov\u00e1nyi<\/br><\/p>\n","protected":false},"excerpt":{"rendered":"<p>Aranyospoly\u00e1n, 1878. jan. 9., \u2020\u00a0? : ref. lelk\u00e9sz, vall\u00e1stan\u00e1r. \u2013 A K\u00fck\u00fcll\u0151i Ref. Egyh\u00e1zmegye sz\u00e1mvev\u0151je, esperese (1922\u2013), Radn\u00f3ton lelk\u00e9sz (1927. \u00e1pr. \u201348. nov.). Mv.-en vall\u00e1stan\u00e1r a Ref. Iskol\u00e1ban \u00e9s az Egys\u00e9ges M. Gimn.-ban (? \u2013 1946). A mv.-i Ref. Koll. el\u0151lj\u00e1r\u00f3ja. Irod.: Iernut; Szabad Sz\u00f3 (1946. dec. 18.; 1946. dec. 20.); EM; Zov\u00e1nyi<\/p>\n","protected":false},"featured_media":0,"comment_status":"open","ping_status":"closed","template":"","meta":[],"product_brand":[],"product_cat":[137],"product_tag":[],"class_list":{"0":"post-7817","1":"product","2":"type-product","3":"status-publish","5":"product_cat-maros-megyei-eletrajzi-lexikon","7":"first","8":"instock","9":"shipping-taxable","10":"product-type-simple"},"_links":{"self":[{"href":"https:\/\/uj.adatbank.ro\/lexikon\/wp-json\/wp\/v2\/product\/7817","targetHints":{"allow":["GET"]}}],"collection":[{"href":"https:\/\/uj.adatbank.ro\/lexikon\/wp-json\/wp\/v2\/product"}],"about":[{"href":"https:\/\/uj.adatbank.ro\/lexikon\/wp-json\/wp\/v2\/types\/product"}],"replies":[{"embeddable":true,"href":"https:\/\/uj.adatbank.ro\/lexikon\/wp-json\/wp\/v2\/comments?post=7817"}],"wp:attachment":[{"href":"https:\/\/uj.adatbank.ro\/lexikon\/wp-json\/wp\/v2\/media?parent=7817"}],"wp:term":[{"taxonomy":"product_brand","embeddable":true,"href":"https:\/\/uj.adatbank.ro\/lexikon\/wp-json\/wp\/v2\/product_brand?post=7817"},{"taxonomy":"product_cat","embeddable":true,"href":"https:\/\/uj.adatbank.ro\/lexikon\/wp-json\/wp\/v2\/product_cat?post=7817"},{"taxonomy":"product_tag","embeddable":true,"href":"https:\/\/uj.adatbank.ro\/lexikon\/wp-json\/wp\/v2\/product_tag?post=7817"}],"curies":[{"name":"wp","href":"https:\/\/api.w.org\/{rel}","templated":true}]}}