{"id":7819,"date":"2025-06-29T10:05:01","date_gmt":"2025-06-29T08:05:01","guid":{"rendered":"https:\/\/uj.adatbank.ro\/lexikon\/termek\/fejervari-istvan-fehervari-istvan\/"},"modified":"2025-06-29T10:05:01","modified_gmt":"2025-06-29T08:05:01","slug":"fejervari-istvan-fehervari-istvan","status":"publish","type":"product","link":"https:\/\/uj.adatbank.ro\/lexikon\/termek\/fejervari-istvan-fehervari-istvan\/","title":{"rendered":"FEJ\u00c9RV\u00c1RI Istv\u00e1n, Feh\u00e9rv\u00e1ri Istv\u00e1n"},"content":{"rendered":"<p>? \u2020\u00a0? : orvos. \u2013 Leidenben tanult (\u20131684), Teleki Mih\u00e1ly t\u00e1mogat\u00e1s\u00e1val. A skorbutr\u00f3l \u00edrt doktori \u00e9rtekez\u00e9s\u00e9t is mec\u00e9n\u00e1s\u00e1nak aj\u00e1nlotta. Miel\u0151tt k\u00fclf\u00f6ldi tanulm\u00e1ny\u00fatra indult k\u00f6telezv\u00e9nyben biztos\u00edtotta Telekit, hogy tanulm\u00e1nyai elv\u00e9gz\u00e9se ut\u00e1n \u0151t fogja szolg\u00e1lni (Mv., 1681). <br \/><strong>Irod.:<\/strong> Id\u0151t\u00e1r 1; Magyary-Kossa 1<\/br><\/p>\n","protected":false},"excerpt":{"rendered":"<p>? \u2020\u00a0? : orvos. \u2013 Leidenben tanult (\u20131684), Teleki Mih\u00e1ly t\u00e1mogat\u00e1s\u00e1val. A skorbutr\u00f3l \u00edrt doktori \u00e9rtekez\u00e9s\u00e9t is mec\u00e9n\u00e1s\u00e1nak aj\u00e1nlotta. Miel\u0151tt k\u00fclf\u00f6ldi tanulm\u00e1ny\u00fatra indult k\u00f6telezv\u00e9nyben biztos\u00edtotta Telekit, hogy tanulm\u00e1nyai elv\u00e9gz\u00e9se ut\u00e1n \u0151t fogja szolg\u00e1lni (Mv., 1681). Irod.: Id\u0151t\u00e1r 1; Magyary-Kossa 1<\/p>\n","protected":false},"featured_media":0,"comment_status":"open","ping_status":"closed","template":"","meta":[],"product_brand":[],"product_cat":[137],"product_tag":[],"class_list":{"0":"post-7819","1":"product","2":"type-product","3":"status-publish","5":"product_cat-maros-megyei-eletrajzi-lexikon","7":"first","8":"instock","9":"shipping-taxable","10":"product-type-simple"},"_links":{"self":[{"href":"https:\/\/uj.adatbank.ro\/lexikon\/wp-json\/wp\/v2\/product\/7819","targetHints":{"allow":["GET"]}}],"collection":[{"href":"https:\/\/uj.adatbank.ro\/lexikon\/wp-json\/wp\/v2\/product"}],"about":[{"href":"https:\/\/uj.adatbank.ro\/lexikon\/wp-json\/wp\/v2\/types\/product"}],"replies":[{"embeddable":true,"href":"https:\/\/uj.adatbank.ro\/lexikon\/wp-json\/wp\/v2\/comments?post=7819"}],"wp:attachment":[{"href":"https:\/\/uj.adatbank.ro\/lexikon\/wp-json\/wp\/v2\/media?parent=7819"}],"wp:term":[{"taxonomy":"product_brand","embeddable":true,"href":"https:\/\/uj.adatbank.ro\/lexikon\/wp-json\/wp\/v2\/product_brand?post=7819"},{"taxonomy":"product_cat","embeddable":true,"href":"https:\/\/uj.adatbank.ro\/lexikon\/wp-json\/wp\/v2\/product_cat?post=7819"},{"taxonomy":"product_tag","embeddable":true,"href":"https:\/\/uj.adatbank.ro\/lexikon\/wp-json\/wp\/v2\/product_tag?post=7819"}],"curies":[{"name":"wp","href":"https:\/\/api.w.org\/{rel}","templated":true}]}}