{"id":7823,"date":"2025-06-29T10:05:08","date_gmt":"2025-06-29T08:05:08","guid":{"rendered":"https:\/\/uj.adatbank.ro\/lexikon\/termek\/fekete-anna-fekete-janosne\/"},"modified":"2025-06-29T10:05:08","modified_gmt":"2025-06-29T08:05:08","slug":"fekete-anna-fekete-janosne","status":"publish","type":"product","link":"https:\/\/uj.adatbank.ro\/lexikon\/termek\/fekete-anna-fekete-janosne\/","title":{"rendered":"FEKETE Anna, Fekete J\u00e1nosn\u00e9"},"content":{"rendered":"<p>? \u2020\u00a0?: birtokos. \u2013 Fricsi Fekete L\u0151rinc (1600 el\u0151tt\u20131662) \u00e9s somogyi Thorday Erzs\u00e9bet le\u00e1nya. F\u00e9rje: 1. Macsk\u00e1si Mih\u00e1ly. Gyermekeik: M. Imre, M. Jutka R\u00e9dei J\u00e1nosn\u00e9; 2. sepsiszentgy\u00f6rgyi Dacz\u00f3 J\u00e1nos, f\u0151isp\u00e1n, f\u0151kapit\u00e1ny, fejedelmi k\u00f6vet a port\u00e1n (1663\u201371). Le\u00e1nyuk: Anna. \u2013 A mez\u0151szengyeli ref. templomnak k\u00f6z\u00e9p nagys\u00e1g\u00fa harangot k\u00e9sz\u00edtetett, mint Macsk\u00e1si Mih\u00e1lyn\u00e9 (1674). A mikefalvi ref. egyh\u00e1zk\u00f6zs\u00e9gnek selyemabroszt aj\u00e1nd\u00e9kozott, mint Dacz\u00f3n\u00e9. A h\u00e9derf\u00e1ji gy\u00fclekezet sz\u00e1m\u00e1ra par\u00f3ki\u00e1t \u00e9p\u00edtetett \u00e9s keszken\u0151t aj\u00e1nd\u00e9kozott. V\u00e9grendelet\u00e9ben (S\u00e1rd, 1689. okt. 10.) a s\u00e1rdi udvarh\u00e1z\u00e1t a gazdas\u00e1ggal, le\u00e1ny\u00e1ra Macsk\u00e1si Jutk\u00e1ra hagyta. <br \/><strong>Irod.:<\/strong> Erd\u00e9lyi testamentumok 1.; K\u00fck\u00fcll\u0151i Ref. Egyh\u00e1zm. 4.<\/br><\/p>\n","protected":false},"excerpt":{"rendered":"<p>? \u2020\u00a0?: birtokos. \u2013 Fricsi Fekete L\u0151rinc (1600 el\u0151tt\u20131662) \u00e9s somogyi Thorday Erzs\u00e9bet le\u00e1nya. F\u00e9rje: 1. Macsk\u00e1si Mih\u00e1ly. Gyermekeik: M. Imre, M. Jutka R\u00e9dei J\u00e1nosn\u00e9; 2. sepsiszentgy\u00f6rgyi Dacz\u00f3 J\u00e1nos, f\u0151isp\u00e1n, f\u0151kapit\u00e1ny, fejedelmi k\u00f6vet a port\u00e1n (1663\u201371). Le\u00e1nyuk: Anna. \u2013 A mez\u0151szengyeli ref. templomnak k\u00f6z\u00e9p nagys\u00e1g\u00fa harangot k\u00e9sz\u00edtetett, mint Macsk\u00e1si Mih\u00e1lyn\u00e9 (1674). A mikefalvi ref. egyh\u00e1zk\u00f6zs\u00e9gnek [&hellip;]<\/p>\n","protected":false},"featured_media":0,"comment_status":"open","ping_status":"closed","template":"","meta":[],"product_brand":[],"product_cat":[137],"product_tag":[],"class_list":{"0":"post-7823","1":"product","2":"type-product","3":"status-publish","5":"product_cat-maros-megyei-eletrajzi-lexikon","7":"first","8":"instock","9":"shipping-taxable","10":"product-type-simple"},"_links":{"self":[{"href":"https:\/\/uj.adatbank.ro\/lexikon\/wp-json\/wp\/v2\/product\/7823","targetHints":{"allow":["GET"]}}],"collection":[{"href":"https:\/\/uj.adatbank.ro\/lexikon\/wp-json\/wp\/v2\/product"}],"about":[{"href":"https:\/\/uj.adatbank.ro\/lexikon\/wp-json\/wp\/v2\/types\/product"}],"replies":[{"embeddable":true,"href":"https:\/\/uj.adatbank.ro\/lexikon\/wp-json\/wp\/v2\/comments?post=7823"}],"wp:attachment":[{"href":"https:\/\/uj.adatbank.ro\/lexikon\/wp-json\/wp\/v2\/media?parent=7823"}],"wp:term":[{"taxonomy":"product_brand","embeddable":true,"href":"https:\/\/uj.adatbank.ro\/lexikon\/wp-json\/wp\/v2\/product_brand?post=7823"},{"taxonomy":"product_cat","embeddable":true,"href":"https:\/\/uj.adatbank.ro\/lexikon\/wp-json\/wp\/v2\/product_cat?post=7823"},{"taxonomy":"product_tag","embeddable":true,"href":"https:\/\/uj.adatbank.ro\/lexikon\/wp-json\/wp\/v2\/product_tag?post=7823"}],"curies":[{"name":"wp","href":"https:\/\/api.w.org\/{rel}","templated":true}]}}