{"id":7827,"date":"2025-06-29T10:05:14","date_gmt":"2025-06-29T08:05:14","guid":{"rendered":"https:\/\/uj.adatbank.ro\/lexikon\/termek\/fekete-attila\/"},"modified":"2025-06-29T10:05:14","modified_gmt":"2025-06-29T08:05:14","slug":"fekete-attila","status":"publish","type":"product","link":"https:\/\/uj.adatbank.ro\/lexikon\/termek\/fekete-attila\/","title":{"rendered":"FEKETE Attila"},"content":{"rendered":"<p>Mv., 1933 \u2020\u00a0Bukarest, 1985.: orvos. \u2013 Mv.-en a 2. sz. Magyar fi\u00falic.-ban tanult \u00e9s a MOGYE orvoskar\u00e1n v\u00e9gzett (1958). A Sanepidn\u00e9l dolgozott. A securitate meghurcolta, megnehez\u00edtette az \u00e9let\u00e9t. Buk.-ben a fert\u0151z\u0151klinik\u00e1n halt meg. <br \/><strong>Irod.:<\/strong> Kiss\u2013P\u00e9terffy\u2013P\u00e9terffy<\/br><\/p>\n","protected":false},"excerpt":{"rendered":"<p>Mv., 1933 \u2020\u00a0Bukarest, 1985.: orvos. \u2013 Mv.-en a 2. sz. Magyar fi\u00falic.-ban tanult \u00e9s a MOGYE orvoskar\u00e1n v\u00e9gzett (1958). A Sanepidn\u00e9l dolgozott. A securitate meghurcolta, megnehez\u00edtette az \u00e9let\u00e9t. Buk.-ben a fert\u0151z\u0151klinik\u00e1n halt meg. Irod.: Kiss\u2013P\u00e9terffy\u2013P\u00e9terffy<\/p>\n","protected":false},"featured_media":0,"comment_status":"open","ping_status":"closed","template":"","meta":[],"product_brand":[],"product_cat":[137],"product_tag":[],"class_list":{"0":"post-7827","1":"product","2":"type-product","3":"status-publish","5":"product_cat-maros-megyei-eletrajzi-lexikon","7":"first","8":"instock","9":"shipping-taxable","10":"product-type-simple"},"_links":{"self":[{"href":"https:\/\/uj.adatbank.ro\/lexikon\/wp-json\/wp\/v2\/product\/7827","targetHints":{"allow":["GET"]}}],"collection":[{"href":"https:\/\/uj.adatbank.ro\/lexikon\/wp-json\/wp\/v2\/product"}],"about":[{"href":"https:\/\/uj.adatbank.ro\/lexikon\/wp-json\/wp\/v2\/types\/product"}],"replies":[{"embeddable":true,"href":"https:\/\/uj.adatbank.ro\/lexikon\/wp-json\/wp\/v2\/comments?post=7827"}],"wp:attachment":[{"href":"https:\/\/uj.adatbank.ro\/lexikon\/wp-json\/wp\/v2\/media?parent=7827"}],"wp:term":[{"taxonomy":"product_brand","embeddable":true,"href":"https:\/\/uj.adatbank.ro\/lexikon\/wp-json\/wp\/v2\/product_brand?post=7827"},{"taxonomy":"product_cat","embeddable":true,"href":"https:\/\/uj.adatbank.ro\/lexikon\/wp-json\/wp\/v2\/product_cat?post=7827"},{"taxonomy":"product_tag","embeddable":true,"href":"https:\/\/uj.adatbank.ro\/lexikon\/wp-json\/wp\/v2\/product_tag?post=7827"}],"curies":[{"name":"wp","href":"https:\/\/api.w.org\/{rel}","templated":true}]}}