{"id":7828,"date":"2025-06-29T10:05:16","date_gmt":"2025-06-29T08:05:16","guid":{"rendered":"https:\/\/uj.adatbank.ro\/lexikon\/termek\/fekete-balint\/"},"modified":"2025-06-29T10:05:16","modified_gmt":"2025-06-29T08:05:16","slug":"fekete-balint","status":"publish","type":"product","link":"https:\/\/uj.adatbank.ro\/lexikon\/termek\/fekete-balint\/","title":{"rendered":"FEKETE B\u00e1lint"},"content":{"rendered":"<p>? \u2020\u00a0? : primipil\u00e1ris. \u2013 A ny\u00e1r\u00e1dg\u00e1lfalvi Nagy csal\u00e1db\u00f3l szakadtak ki \u00e9s Fekete P\u00e9terrel Bocskai Istv\u00e1nt\u00f3l primipil\u00e1ris levelet nyertek (1605. szept. 15\u201316.). <br \/><strong>Irod.:<\/strong> Kempelen; Nagy Iv\u00e1n; P\u00e1lmay<\/br><\/p>\n","protected":false},"excerpt":{"rendered":"<p>? \u2020\u00a0? : primipil\u00e1ris. \u2013 A ny\u00e1r\u00e1dg\u00e1lfalvi Nagy csal\u00e1db\u00f3l szakadtak ki \u00e9s Fekete P\u00e9terrel Bocskai Istv\u00e1nt\u00f3l primipil\u00e1ris levelet nyertek (1605. szept. 15\u201316.). Irod.: Kempelen; Nagy Iv\u00e1n; P\u00e1lmay<\/p>\n","protected":false},"featured_media":0,"comment_status":"open","ping_status":"closed","template":"","meta":[],"product_brand":[],"product_cat":[137],"product_tag":[],"class_list":{"0":"post-7828","1":"product","2":"type-product","3":"status-publish","5":"product_cat-maros-megyei-eletrajzi-lexikon","7":"first","8":"instock","9":"shipping-taxable","10":"product-type-simple"},"_links":{"self":[{"href":"https:\/\/uj.adatbank.ro\/lexikon\/wp-json\/wp\/v2\/product\/7828","targetHints":{"allow":["GET"]}}],"collection":[{"href":"https:\/\/uj.adatbank.ro\/lexikon\/wp-json\/wp\/v2\/product"}],"about":[{"href":"https:\/\/uj.adatbank.ro\/lexikon\/wp-json\/wp\/v2\/types\/product"}],"replies":[{"embeddable":true,"href":"https:\/\/uj.adatbank.ro\/lexikon\/wp-json\/wp\/v2\/comments?post=7828"}],"wp:attachment":[{"href":"https:\/\/uj.adatbank.ro\/lexikon\/wp-json\/wp\/v2\/media?parent=7828"}],"wp:term":[{"taxonomy":"product_brand","embeddable":true,"href":"https:\/\/uj.adatbank.ro\/lexikon\/wp-json\/wp\/v2\/product_brand?post=7828"},{"taxonomy":"product_cat","embeddable":true,"href":"https:\/\/uj.adatbank.ro\/lexikon\/wp-json\/wp\/v2\/product_cat?post=7828"},{"taxonomy":"product_tag","embeddable":true,"href":"https:\/\/uj.adatbank.ro\/lexikon\/wp-json\/wp\/v2\/product_tag?post=7828"}],"curies":[{"name":"wp","href":"https:\/\/api.w.org\/{rel}","templated":true}]}}