{"id":7832,"date":"2025-06-29T10:05:23","date_gmt":"2025-06-29T08:05:23","guid":{"rendered":"https:\/\/uj.adatbank.ro\/lexikon\/termek\/fekete-ferenc\/"},"modified":"2025-06-29T10:05:23","modified_gmt":"2025-06-29T08:05:23","slug":"fekete-ferenc","status":"publish","type":"product","link":"https:\/\/uj.adatbank.ro\/lexikon\/termek\/fekete-ferenc\/","title":{"rendered":"FEKETE Ferenc"},"content":{"rendered":"<p>Sz\u00e1szr\u00e9gen, 1920., \u2020\u00a0Mv., 1986. dec. 26.: tan\u00e1r, tan\u00edt\u00f3. \u2013 Tanulm\u00e1nyait Mv.-en v\u00e9gezte. Mez\u0151s\u00e1msondon tan\u00edtott (1940\u2013). Minden idej\u00e9t a m. kult\u00fara terjeszt\u00e9s\u00e9re ford\u00edtotta. A mv.-i. 7. sz. iskola aligazgat\u00f3ja. <br \/><strong>Irod.:<\/strong> [Nekrol\u00f3g] (V. Z., 1986. dec. 27.); Sz\u00e9kelyf\u00f6ld \u00ed. k.<\/br><\/p>\n","protected":false},"excerpt":{"rendered":"<p>Sz\u00e1szr\u00e9gen, 1920., \u2020\u00a0Mv., 1986. dec. 26.: tan\u00e1r, tan\u00edt\u00f3. \u2013 Tanulm\u00e1nyait Mv.-en v\u00e9gezte. Mez\u0151s\u00e1msondon tan\u00edtott (1940\u2013). Minden idej\u00e9t a m. kult\u00fara terjeszt\u00e9s\u00e9re ford\u00edtotta. A mv.-i. 7. sz. iskola aligazgat\u00f3ja. Irod.: [Nekrol\u00f3g] (V. Z., 1986. dec. 27.); Sz\u00e9kelyf\u00f6ld \u00ed. k.<\/p>\n","protected":false},"featured_media":0,"comment_status":"open","ping_status":"closed","template":"","meta":[],"product_brand":[],"product_cat":[137],"product_tag":[],"class_list":{"0":"post-7832","1":"product","2":"type-product","3":"status-publish","5":"product_cat-maros-megyei-eletrajzi-lexikon","7":"first","8":"instock","9":"shipping-taxable","10":"product-type-simple"},"_links":{"self":[{"href":"https:\/\/uj.adatbank.ro\/lexikon\/wp-json\/wp\/v2\/product\/7832","targetHints":{"allow":["GET"]}}],"collection":[{"href":"https:\/\/uj.adatbank.ro\/lexikon\/wp-json\/wp\/v2\/product"}],"about":[{"href":"https:\/\/uj.adatbank.ro\/lexikon\/wp-json\/wp\/v2\/types\/product"}],"replies":[{"embeddable":true,"href":"https:\/\/uj.adatbank.ro\/lexikon\/wp-json\/wp\/v2\/comments?post=7832"}],"wp:attachment":[{"href":"https:\/\/uj.adatbank.ro\/lexikon\/wp-json\/wp\/v2\/media?parent=7832"}],"wp:term":[{"taxonomy":"product_brand","embeddable":true,"href":"https:\/\/uj.adatbank.ro\/lexikon\/wp-json\/wp\/v2\/product_brand?post=7832"},{"taxonomy":"product_cat","embeddable":true,"href":"https:\/\/uj.adatbank.ro\/lexikon\/wp-json\/wp\/v2\/product_cat?post=7832"},{"taxonomy":"product_tag","embeddable":true,"href":"https:\/\/uj.adatbank.ro\/lexikon\/wp-json\/wp\/v2\/product_tag?post=7832"}],"curies":[{"name":"wp","href":"https:\/\/api.w.org\/{rel}","templated":true}]}}