{"id":7834,"date":"2025-06-29T10:05:25","date_gmt":"2025-06-29T08:05:25","guid":{"rendered":"https:\/\/uj.adatbank.ro\/lexikon\/termek\/fekete-gergely\/"},"modified":"2025-06-29T10:05:25","modified_gmt":"2025-06-29T08:05:25","slug":"fekete-gergely","status":"publish","type":"product","link":"https:\/\/uj.adatbank.ro\/lexikon\/termek\/fekete-gergely\/","title":{"rendered":"FEKETE Gergely"},"content":{"rendered":"<p>? \u2020\u00a0? : nemes. \u2013 A ny\u00e1r\u00e1dg\u00e1lfalvi Nagy csal\u00e1db\u00f3l szakadt ki. C\u00edmeres nemeslevelet nyert (1620. m\u00e1rcz. 4.). <br \/><strong>Irod.:<\/strong> Kempelen; Nagy Iv\u00e1n; P\u00e1lmay<\/br><\/p>\n","protected":false},"excerpt":{"rendered":"<p>? \u2020\u00a0? : nemes. \u2013 A ny\u00e1r\u00e1dg\u00e1lfalvi Nagy csal\u00e1db\u00f3l szakadt ki. C\u00edmeres nemeslevelet nyert (1620. m\u00e1rcz. 4.). Irod.: Kempelen; Nagy Iv\u00e1n; P\u00e1lmay<\/p>\n","protected":false},"featured_media":0,"comment_status":"open","ping_status":"closed","template":"","meta":[],"product_brand":[],"product_cat":[137],"product_tag":[],"class_list":{"0":"post-7834","1":"product","2":"type-product","3":"status-publish","5":"product_cat-maros-megyei-eletrajzi-lexikon","7":"first","8":"instock","9":"shipping-taxable","10":"product-type-simple"},"_links":{"self":[{"href":"https:\/\/uj.adatbank.ro\/lexikon\/wp-json\/wp\/v2\/product\/7834","targetHints":{"allow":["GET"]}}],"collection":[{"href":"https:\/\/uj.adatbank.ro\/lexikon\/wp-json\/wp\/v2\/product"}],"about":[{"href":"https:\/\/uj.adatbank.ro\/lexikon\/wp-json\/wp\/v2\/types\/product"}],"replies":[{"embeddable":true,"href":"https:\/\/uj.adatbank.ro\/lexikon\/wp-json\/wp\/v2\/comments?post=7834"}],"wp:attachment":[{"href":"https:\/\/uj.adatbank.ro\/lexikon\/wp-json\/wp\/v2\/media?parent=7834"}],"wp:term":[{"taxonomy":"product_brand","embeddable":true,"href":"https:\/\/uj.adatbank.ro\/lexikon\/wp-json\/wp\/v2\/product_brand?post=7834"},{"taxonomy":"product_cat","embeddable":true,"href":"https:\/\/uj.adatbank.ro\/lexikon\/wp-json\/wp\/v2\/product_cat?post=7834"},{"taxonomy":"product_tag","embeddable":true,"href":"https:\/\/uj.adatbank.ro\/lexikon\/wp-json\/wp\/v2\/product_tag?post=7834"}],"curies":[{"name":"wp","href":"https:\/\/api.w.org\/{rel}","templated":true}]}}