{"id":7835,"date":"2025-06-29T10:05:27","date_gmt":"2025-06-29T08:05:27","guid":{"rendered":"https:\/\/uj.adatbank.ro\/lexikon\/termek\/fekete-gyorgy\/"},"modified":"2025-06-29T10:05:27","modified_gmt":"2025-06-29T08:05:27","slug":"fekete-gyorgy","status":"publish","type":"product","link":"https:\/\/uj.adatbank.ro\/lexikon\/termek\/fekete-gyorgy\/","title":{"rendered":"FEKETE Gy\u00f6rgy"},"content":{"rendered":"<p>Toldalag, 1896., \u2020\u00a0?: gazd\u00e1lkod\u00f3. \u2013 A sz\u00fcl\u0151i h\u00e1zn\u00e1l tanulta a gazd\u00e1lkod\u00e1st, majd \u00f6n\u00e1ll\u00f3 lett (1919\u2013) Maross\u00e1rpatakon. A k\u00f6zs\u00e9g tekint\u00e9lyes polg\u00e1ra, a ref. presbit\u00e9rium tagja, a Hangya, a Hitelsz\u00f6vetkezet \u00e9s a Tejsz\u00f6vetkezet igazgat\u00f3s\u00e1gi tagja, \u00e9s 7 \u00e9ven kereszt\u00fcl a k\u00f6zs\u00e9g b\u00edr\u00e1ja. Az els\u0151 vh.-ban a 22. gy. e. keretlben az orosz \u00e9s az olasz fronton harcolt \u00e9s mint kik\u00e9pz\u0151 altiszt szerelt le, egyszer megsebes\u00fclt. <br \/><strong>Irod.:<\/strong> Sz\u00e9kelyf\u00f6ld \u00ed. k<\/br><\/p>\n","protected":false},"excerpt":{"rendered":"<p>Toldalag, 1896., \u2020\u00a0?: gazd\u00e1lkod\u00f3. \u2013 A sz\u00fcl\u0151i h\u00e1zn\u00e1l tanulta a gazd\u00e1lkod\u00e1st, majd \u00f6n\u00e1ll\u00f3 lett (1919\u2013) Maross\u00e1rpatakon. A k\u00f6zs\u00e9g tekint\u00e9lyes polg\u00e1ra, a ref. presbit\u00e9rium tagja, a Hangya, a Hitelsz\u00f6vetkezet \u00e9s a Tejsz\u00f6vetkezet igazgat\u00f3s\u00e1gi tagja, \u00e9s 7 \u00e9ven kereszt\u00fcl a k\u00f6zs\u00e9g b\u00edr\u00e1ja. Az els\u0151 vh.-ban a 22. gy. e. keretlben az orosz \u00e9s az olasz fronton harcolt [&hellip;]<\/p>\n","protected":false},"featured_media":0,"comment_status":"open","ping_status":"closed","template":"","meta":[],"product_brand":[],"product_cat":[137],"product_tag":[],"class_list":{"0":"post-7835","1":"product","2":"type-product","3":"status-publish","5":"product_cat-maros-megyei-eletrajzi-lexikon","7":"first","8":"instock","9":"shipping-taxable","10":"product-type-simple"},"_links":{"self":[{"href":"https:\/\/uj.adatbank.ro\/lexikon\/wp-json\/wp\/v2\/product\/7835","targetHints":{"allow":["GET"]}}],"collection":[{"href":"https:\/\/uj.adatbank.ro\/lexikon\/wp-json\/wp\/v2\/product"}],"about":[{"href":"https:\/\/uj.adatbank.ro\/lexikon\/wp-json\/wp\/v2\/types\/product"}],"replies":[{"embeddable":true,"href":"https:\/\/uj.adatbank.ro\/lexikon\/wp-json\/wp\/v2\/comments?post=7835"}],"wp:attachment":[{"href":"https:\/\/uj.adatbank.ro\/lexikon\/wp-json\/wp\/v2\/media?parent=7835"}],"wp:term":[{"taxonomy":"product_brand","embeddable":true,"href":"https:\/\/uj.adatbank.ro\/lexikon\/wp-json\/wp\/v2\/product_brand?post=7835"},{"taxonomy":"product_cat","embeddable":true,"href":"https:\/\/uj.adatbank.ro\/lexikon\/wp-json\/wp\/v2\/product_cat?post=7835"},{"taxonomy":"product_tag","embeddable":true,"href":"https:\/\/uj.adatbank.ro\/lexikon\/wp-json\/wp\/v2\/product_tag?post=7835"}],"curies":[{"name":"wp","href":"https:\/\/api.w.org\/{rel}","templated":true}]}}