{"id":7837,"date":"2025-06-29T10:05:33","date_gmt":"2025-06-29T08:05:33","guid":{"rendered":"https:\/\/uj.adatbank.ro\/lexikon\/termek\/fekete-ignac\/"},"modified":"2025-06-29T10:05:33","modified_gmt":"2025-06-29T08:05:33","slug":"fekete-ignac","status":"publish","type":"product","link":"https:\/\/uj.adatbank.ro\/lexikon\/termek\/fekete-ignac\/","title":{"rendered":"FEKETE Ign\u00e1c"},"content":{"rendered":"<p>? \u2020\u00a0? : keresked\u0151, sz\u00e1ll\u00e1smester. \u2013 A mv.-i tan\u00e1csban mint sz\u00e1ll\u00e1smester m\u0171k\u00f6d\u00f6tt (1825). B\u00e9relte a Kir. T\u00e1bla els\u0151 sz\u00e9khely\u00e9t (1816\u201319). <br \/><strong>Irod.:<\/strong> Orb\u00e1n J\u00e1nos: A Kir\u00e1lyi T\u00e1bla els\u0151 k\u00e9t mv.-i sz\u00e9kh\u00e1za = St\u00edlusok, m\u0171vek, mesterek; P\u00e1l-Antal 2009<\/br><\/p>\n","protected":false},"excerpt":{"rendered":"<p>? \u2020\u00a0? : keresked\u0151, sz\u00e1ll\u00e1smester. \u2013 A mv.-i tan\u00e1csban mint sz\u00e1ll\u00e1smester m\u0171k\u00f6d\u00f6tt (1825). B\u00e9relte a Kir. T\u00e1bla els\u0151 sz\u00e9khely\u00e9t (1816\u201319). Irod.: Orb\u00e1n J\u00e1nos: A Kir\u00e1lyi T\u00e1bla els\u0151 k\u00e9t mv.-i sz\u00e9kh\u00e1za = St\u00edlusok, m\u0171vek, mesterek; P\u00e1l-Antal 2009<\/p>\n","protected":false},"featured_media":0,"comment_status":"open","ping_status":"closed","template":"","meta":[],"product_brand":[],"product_cat":[137],"product_tag":[],"class_list":{"0":"post-7837","1":"product","2":"type-product","3":"status-publish","5":"product_cat-maros-megyei-eletrajzi-lexikon","7":"first","8":"instock","9":"shipping-taxable","10":"product-type-simple"},"_links":{"self":[{"href":"https:\/\/uj.adatbank.ro\/lexikon\/wp-json\/wp\/v2\/product\/7837","targetHints":{"allow":["GET"]}}],"collection":[{"href":"https:\/\/uj.adatbank.ro\/lexikon\/wp-json\/wp\/v2\/product"}],"about":[{"href":"https:\/\/uj.adatbank.ro\/lexikon\/wp-json\/wp\/v2\/types\/product"}],"replies":[{"embeddable":true,"href":"https:\/\/uj.adatbank.ro\/lexikon\/wp-json\/wp\/v2\/comments?post=7837"}],"wp:attachment":[{"href":"https:\/\/uj.adatbank.ro\/lexikon\/wp-json\/wp\/v2\/media?parent=7837"}],"wp:term":[{"taxonomy":"product_brand","embeddable":true,"href":"https:\/\/uj.adatbank.ro\/lexikon\/wp-json\/wp\/v2\/product_brand?post=7837"},{"taxonomy":"product_cat","embeddable":true,"href":"https:\/\/uj.adatbank.ro\/lexikon\/wp-json\/wp\/v2\/product_cat?post=7837"},{"taxonomy":"product_tag","embeddable":true,"href":"https:\/\/uj.adatbank.ro\/lexikon\/wp-json\/wp\/v2\/product_tag?post=7837"}],"curies":[{"name":"wp","href":"https:\/\/api.w.org\/{rel}","templated":true}]}}