{"id":7838,"date":"2025-06-29T10:05:34","date_gmt":"2025-06-29T08:05:34","guid":{"rendered":"https:\/\/uj.adatbank.ro\/lexikon\/termek\/fekete-ilona\/"},"modified":"2025-06-29T10:05:34","modified_gmt":"2025-06-29T08:05:34","slug":"fekete-ilona","status":"publish","type":"product","link":"https:\/\/uj.adatbank.ro\/lexikon\/termek\/fekete-ilona\/","title":{"rendered":"FEKETE Ilona"},"content":{"rendered":"<p>Vajdaszentiv\u00e1ny, 1922. nov. 11. \u2020\u00a0?. Jehova-tan\u00fa. \u2013 Letartoztatt\u00e1k (1957. j\u00fan. 20.) \u00e9s 6 \u00e9v b\u00f6rt\u00f6nre \u00edt\u00e9lt\u00e9k (szabadult: 1963. aug. 21.). \u2013 Irod: 1956 Erd\u00e9lyben<\/br><\/p>\n","protected":false},"excerpt":{"rendered":"<p>Vajdaszentiv\u00e1ny, 1922. nov. 11. \u2020\u00a0?. Jehova-tan\u00fa. \u2013 Letartoztatt\u00e1k (1957. j\u00fan. 20.) \u00e9s 6 \u00e9v b\u00f6rt\u00f6nre \u00edt\u00e9lt\u00e9k (szabadult: 1963. aug. 21.). \u2013 Irod: 1956 Erd\u00e9lyben<\/p>\n","protected":false},"featured_media":0,"comment_status":"open","ping_status":"closed","template":"","meta":[],"product_brand":[],"product_cat":[137],"product_tag":[],"class_list":{"0":"post-7838","1":"product","2":"type-product","3":"status-publish","5":"product_cat-maros-megyei-eletrajzi-lexikon","7":"first","8":"instock","9":"shipping-taxable","10":"product-type-simple"},"_links":{"self":[{"href":"https:\/\/uj.adatbank.ro\/lexikon\/wp-json\/wp\/v2\/product\/7838","targetHints":{"allow":["GET"]}}],"collection":[{"href":"https:\/\/uj.adatbank.ro\/lexikon\/wp-json\/wp\/v2\/product"}],"about":[{"href":"https:\/\/uj.adatbank.ro\/lexikon\/wp-json\/wp\/v2\/types\/product"}],"replies":[{"embeddable":true,"href":"https:\/\/uj.adatbank.ro\/lexikon\/wp-json\/wp\/v2\/comments?post=7838"}],"wp:attachment":[{"href":"https:\/\/uj.adatbank.ro\/lexikon\/wp-json\/wp\/v2\/media?parent=7838"}],"wp:term":[{"taxonomy":"product_brand","embeddable":true,"href":"https:\/\/uj.adatbank.ro\/lexikon\/wp-json\/wp\/v2\/product_brand?post=7838"},{"taxonomy":"product_cat","embeddable":true,"href":"https:\/\/uj.adatbank.ro\/lexikon\/wp-json\/wp\/v2\/product_cat?post=7838"},{"taxonomy":"product_tag","embeddable":true,"href":"https:\/\/uj.adatbank.ro\/lexikon\/wp-json\/wp\/v2\/product_tag?post=7838"}],"curies":[{"name":"wp","href":"https:\/\/api.w.org\/{rel}","templated":true}]}}