{"id":7840,"date":"2025-06-29T10:05:37","date_gmt":"2025-06-29T08:05:37","guid":{"rendered":"https:\/\/uj.adatbank.ro\/lexikon\/termek\/fekete-imre-schwarz-izso\/"},"modified":"2025-06-29T10:05:37","modified_gmt":"2025-06-29T08:05:37","slug":"fekete-imre-schwarz-izso","status":"publish","type":"product","link":"https:\/\/uj.adatbank.ro\/lexikon\/termek\/fekete-imre-schwarz-izso\/","title":{"rendered":"FEKETE Imre, Schwarz Izs\u00f3"},"content":{"rendered":"<p>Mv., 1873., \u2020\u00a0?\u00a0: keresked\u0151, f\u00f6ldbirtokos, rt. \u00fcgyvezet\u0151 igazgat\u00f3, szak\u00edr\u00f3. \u2013 F. Izs\u00f3, F. Izs\u00f3 Imre, F. Imre n\u00e9ven szerepel a bp.-i lak\u00e1sjegyz\u00e9kben \u00e9s telefonk\u00f6nyvekben (1922\u2013). \u2013 <strong>F. m.:<\/strong> A dr\u00e1gas\u00e1gr\u00f3l (Mv., 1911); A heremagvak k\u00e9rd\u00e9s\u00e9nek rendez\u00e9se (Bp., 1918). <br \/><strong>Irod.:<\/strong> Guly\u00e1s<\/br><\/p>\n","protected":false},"excerpt":{"rendered":"<p>Mv., 1873., \u2020\u00a0?\u00a0: keresked\u0151, f\u00f6ldbirtokos, rt. \u00fcgyvezet\u0151 igazgat\u00f3, szak\u00edr\u00f3. \u2013 F. Izs\u00f3, F. Izs\u00f3 Imre, F. Imre n\u00e9ven szerepel a bp.-i lak\u00e1sjegyz\u00e9kben \u00e9s telefonk\u00f6nyvekben (1922\u2013). \u2013 F. m.: A dr\u00e1gas\u00e1gr\u00f3l (Mv., 1911); A heremagvak k\u00e9rd\u00e9s\u00e9nek rendez\u00e9se (Bp., 1918). Irod.: Guly\u00e1s<\/p>\n","protected":false},"featured_media":0,"comment_status":"open","ping_status":"closed","template":"","meta":[],"product_brand":[],"product_cat":[137],"product_tag":[],"class_list":{"0":"post-7840","1":"product","2":"type-product","3":"status-publish","5":"product_cat-maros-megyei-eletrajzi-lexikon","7":"first","8":"instock","9":"shipping-taxable","10":"product-type-simple"},"_links":{"self":[{"href":"https:\/\/uj.adatbank.ro\/lexikon\/wp-json\/wp\/v2\/product\/7840","targetHints":{"allow":["GET"]}}],"collection":[{"href":"https:\/\/uj.adatbank.ro\/lexikon\/wp-json\/wp\/v2\/product"}],"about":[{"href":"https:\/\/uj.adatbank.ro\/lexikon\/wp-json\/wp\/v2\/types\/product"}],"replies":[{"embeddable":true,"href":"https:\/\/uj.adatbank.ro\/lexikon\/wp-json\/wp\/v2\/comments?post=7840"}],"wp:attachment":[{"href":"https:\/\/uj.adatbank.ro\/lexikon\/wp-json\/wp\/v2\/media?parent=7840"}],"wp:term":[{"taxonomy":"product_brand","embeddable":true,"href":"https:\/\/uj.adatbank.ro\/lexikon\/wp-json\/wp\/v2\/product_brand?post=7840"},{"taxonomy":"product_cat","embeddable":true,"href":"https:\/\/uj.adatbank.ro\/lexikon\/wp-json\/wp\/v2\/product_cat?post=7840"},{"taxonomy":"product_tag","embeddable":true,"href":"https:\/\/uj.adatbank.ro\/lexikon\/wp-json\/wp\/v2\/product_tag?post=7840"}],"curies":[{"name":"wp","href":"https:\/\/api.w.org\/{rel}","templated":true}]}}