{"id":7841,"date":"2025-06-29T10:05:39","date_gmt":"2025-06-29T08:05:39","guid":{"rendered":"https:\/\/uj.adatbank.ro\/lexikon\/termek\/fekete-istvan\/"},"modified":"2025-06-29T10:05:39","modified_gmt":"2025-06-29T08:05:39","slug":"fekete-istvan","status":"publish","type":"product","link":"https:\/\/uj.adatbank.ro\/lexikon\/termek\/fekete-istvan\/","title":{"rendered":"FEKETE Istv\u00e1n"},"content":{"rendered":"<p>? \u2020\u00a0Balav\u00e1s\u00e1rhely, 1796.: tan\u00edt\u00f3. \u2013 Mv.-en subscrib\u00e1lt (1755). Balav\u00e1s\u00e1rhelyen tan\u00edtott hal\u00e1l\u00e1ig (1763\u201396). <br \/><strong>Irod.:<\/strong> K\u00fck\u00fcll\u0151i Ref. Egyh\u00e1zm. 1.<\/br><\/p>\n","protected":false},"excerpt":{"rendered":"<p>? \u2020\u00a0Balav\u00e1s\u00e1rhely, 1796.: tan\u00edt\u00f3. \u2013 Mv.-en subscrib\u00e1lt (1755). Balav\u00e1s\u00e1rhelyen tan\u00edtott hal\u00e1l\u00e1ig (1763\u201396). Irod.: K\u00fck\u00fcll\u0151i Ref. Egyh\u00e1zm. 1.<\/p>\n","protected":false},"featured_media":0,"comment_status":"open","ping_status":"closed","template":"","meta":[],"product_brand":[],"product_cat":[137],"product_tag":[],"class_list":{"0":"post-7841","1":"product","2":"type-product","3":"status-publish","5":"product_cat-maros-megyei-eletrajzi-lexikon","7":"first","8":"instock","9":"shipping-taxable","10":"product-type-simple"},"_links":{"self":[{"href":"https:\/\/uj.adatbank.ro\/lexikon\/wp-json\/wp\/v2\/product\/7841","targetHints":{"allow":["GET"]}}],"collection":[{"href":"https:\/\/uj.adatbank.ro\/lexikon\/wp-json\/wp\/v2\/product"}],"about":[{"href":"https:\/\/uj.adatbank.ro\/lexikon\/wp-json\/wp\/v2\/types\/product"}],"replies":[{"embeddable":true,"href":"https:\/\/uj.adatbank.ro\/lexikon\/wp-json\/wp\/v2\/comments?post=7841"}],"wp:attachment":[{"href":"https:\/\/uj.adatbank.ro\/lexikon\/wp-json\/wp\/v2\/media?parent=7841"}],"wp:term":[{"taxonomy":"product_brand","embeddable":true,"href":"https:\/\/uj.adatbank.ro\/lexikon\/wp-json\/wp\/v2\/product_brand?post=7841"},{"taxonomy":"product_cat","embeddable":true,"href":"https:\/\/uj.adatbank.ro\/lexikon\/wp-json\/wp\/v2\/product_cat?post=7841"},{"taxonomy":"product_tag","embeddable":true,"href":"https:\/\/uj.adatbank.ro\/lexikon\/wp-json\/wp\/v2\/product_tag?post=7841"}],"curies":[{"name":"wp","href":"https:\/\/api.w.org\/{rel}","templated":true}]}}