{"id":7843,"date":"2025-06-29T10:05:45","date_gmt":"2025-06-29T08:05:45","guid":{"rendered":"https:\/\/uj.adatbank.ro\/lexikon\/termek\/fekete-istvan-3\/"},"modified":"2025-06-29T10:05:45","modified_gmt":"2025-06-29T08:05:45","slug":"fekete-istvan-3","status":"publish","type":"product","link":"https:\/\/uj.adatbank.ro\/lexikon\/termek\/fekete-istvan-3\/","title":{"rendered":"FEKETE Istv\u00e1n"},"content":{"rendered":"<p>? \u2020\u00a0?\u00a0: tan\u00edt\u00f3. \u2013 Ny\u00e1r\u00e1dszentl\u00e1szl\u00f3n tan\u00edt\u00f3 (1831\u201336). Szentmih\u00e1lyra t\u00e1vozott. <br \/><strong>Irod.:<\/strong> Ny\u00e1r\u00e1dszentl\u00e1szl\u00f3<\/br><\/p>\n","protected":false},"excerpt":{"rendered":"<p>? \u2020\u00a0?\u00a0: tan\u00edt\u00f3. \u2013 Ny\u00e1r\u00e1dszentl\u00e1szl\u00f3n tan\u00edt\u00f3 (1831\u201336). Szentmih\u00e1lyra t\u00e1vozott. Irod.: Ny\u00e1r\u00e1dszentl\u00e1szl\u00f3<\/p>\n","protected":false},"featured_media":0,"comment_status":"open","ping_status":"closed","template":"","meta":[],"product_brand":[],"product_cat":[137],"product_tag":[],"class_list":{"0":"post-7843","1":"product","2":"type-product","3":"status-publish","5":"product_cat-maros-megyei-eletrajzi-lexikon","7":"first","8":"instock","9":"shipping-taxable","10":"product-type-simple"},"_links":{"self":[{"href":"https:\/\/uj.adatbank.ro\/lexikon\/wp-json\/wp\/v2\/product\/7843","targetHints":{"allow":["GET"]}}],"collection":[{"href":"https:\/\/uj.adatbank.ro\/lexikon\/wp-json\/wp\/v2\/product"}],"about":[{"href":"https:\/\/uj.adatbank.ro\/lexikon\/wp-json\/wp\/v2\/types\/product"}],"replies":[{"embeddable":true,"href":"https:\/\/uj.adatbank.ro\/lexikon\/wp-json\/wp\/v2\/comments?post=7843"}],"wp:attachment":[{"href":"https:\/\/uj.adatbank.ro\/lexikon\/wp-json\/wp\/v2\/media?parent=7843"}],"wp:term":[{"taxonomy":"product_brand","embeddable":true,"href":"https:\/\/uj.adatbank.ro\/lexikon\/wp-json\/wp\/v2\/product_brand?post=7843"},{"taxonomy":"product_cat","embeddable":true,"href":"https:\/\/uj.adatbank.ro\/lexikon\/wp-json\/wp\/v2\/product_cat?post=7843"},{"taxonomy":"product_tag","embeddable":true,"href":"https:\/\/uj.adatbank.ro\/lexikon\/wp-json\/wp\/v2\/product_tag?post=7843"}],"curies":[{"name":"wp","href":"https:\/\/api.w.org\/{rel}","templated":true}]}}