{"id":7844,"date":"2025-06-29T10:05:48","date_gmt":"2025-06-29T08:05:48","guid":{"rendered":"https:\/\/uj.adatbank.ro\/lexikon\/termek\/fekete-istvan-4\/"},"modified":"2025-06-29T10:05:48","modified_gmt":"2025-06-29T08:05:48","slug":"fekete-istvan-4","status":"publish","type":"product","link":"https:\/\/uj.adatbank.ro\/lexikon\/termek\/fekete-istvan-4\/","title":{"rendered":"FEKETE Istv\u00e1n"},"content":{"rendered":"<p>? \u2020\u00a0? : nagykeresked\u0151. \u2013 A Mv.-i Kereskedelmi \u00e9s Ipar Kamara Igazgat\u00f3tan\u00e1cs\u00e1nak tagja (1947). A Zsid\u00f3 Demokrata bizotts\u00e1g, t\u00f6bb t\u00e1rs\u00e1val egy\u00fctt, kiz\u00e1rta soraib\u00f3l mint cionista \u00fcgyn\u00f6k\u00f6t (1950. m\u00e1j. 12. ut\u00e1n). <br \/><strong>Irod.:<\/strong> Id\u0151t\u00e1r 4.; Nan: Camera de comer\u0163<\/br><\/p>\n","protected":false},"excerpt":{"rendered":"<p>? \u2020\u00a0? : nagykeresked\u0151. \u2013 A Mv.-i Kereskedelmi \u00e9s Ipar Kamara Igazgat\u00f3tan\u00e1cs\u00e1nak tagja (1947). A Zsid\u00f3 Demokrata bizotts\u00e1g, t\u00f6bb t\u00e1rs\u00e1val egy\u00fctt, kiz\u00e1rta soraib\u00f3l mint cionista \u00fcgyn\u00f6k\u00f6t (1950. m\u00e1j. 12. ut\u00e1n). Irod.: Id\u0151t\u00e1r 4.; Nan: Camera de comer\u0163<\/p>\n","protected":false},"featured_media":0,"comment_status":"open","ping_status":"closed","template":"","meta":[],"product_brand":[],"product_cat":[137],"product_tag":[],"class_list":{"0":"post-7844","1":"product","2":"type-product","3":"status-publish","5":"product_cat-maros-megyei-eletrajzi-lexikon","7":"first","8":"instock","9":"shipping-taxable","10":"product-type-simple"},"_links":{"self":[{"href":"https:\/\/uj.adatbank.ro\/lexikon\/wp-json\/wp\/v2\/product\/7844","targetHints":{"allow":["GET"]}}],"collection":[{"href":"https:\/\/uj.adatbank.ro\/lexikon\/wp-json\/wp\/v2\/product"}],"about":[{"href":"https:\/\/uj.adatbank.ro\/lexikon\/wp-json\/wp\/v2\/types\/product"}],"replies":[{"embeddable":true,"href":"https:\/\/uj.adatbank.ro\/lexikon\/wp-json\/wp\/v2\/comments?post=7844"}],"wp:attachment":[{"href":"https:\/\/uj.adatbank.ro\/lexikon\/wp-json\/wp\/v2\/media?parent=7844"}],"wp:term":[{"taxonomy":"product_brand","embeddable":true,"href":"https:\/\/uj.adatbank.ro\/lexikon\/wp-json\/wp\/v2\/product_brand?post=7844"},{"taxonomy":"product_cat","embeddable":true,"href":"https:\/\/uj.adatbank.ro\/lexikon\/wp-json\/wp\/v2\/product_cat?post=7844"},{"taxonomy":"product_tag","embeddable":true,"href":"https:\/\/uj.adatbank.ro\/lexikon\/wp-json\/wp\/v2\/product_tag?post=7844"}],"curies":[{"name":"wp","href":"https:\/\/api.w.org\/{rel}","templated":true}]}}