{"id":7846,"date":"2025-06-29T10:05:55","date_gmt":"2025-06-29T08:05:55","guid":{"rendered":"https:\/\/uj.adatbank.ro\/lexikon\/termek\/fekete-izsak\/"},"modified":"2025-06-29T10:05:55","modified_gmt":"2025-06-29T08:05:55","slug":"fekete-izsak","status":"publish","type":"product","link":"https:\/\/uj.adatbank.ro\/lexikon\/termek\/fekete-izsak\/","title":{"rendered":"FEKETE Izs\u00e1k"},"content":{"rendered":"<p>? \u2020\u00a0?: v\u00e1llalkoz\u00f3. \u2013 Schwartz Herman \u00e9s Gr\u00fcnfeld \u00c9va fia. Testv\u00e9rei: Sch. Hel\u00e9n Sch. Ign\u00e1cn\u00e9; Fekete Bern\u00e1t, feles\u00e9ge Hochdorf Zs\u00f3fia; Sch. M\u00f3r. Feles\u00e9ge: Rosenfeld Ir\u00e9n (1861.? \u2013 1908. \u00e1pr. 29.). \u2013 Virilista Mv.-en (1913). <br \/><strong>Irod.:<\/strong> Id\u0151t\u00e1r 2<\/br><\/p>\n","protected":false},"excerpt":{"rendered":"<p>? \u2020\u00a0?: v\u00e1llalkoz\u00f3. \u2013 Schwartz Herman \u00e9s Gr\u00fcnfeld \u00c9va fia. Testv\u00e9rei: Sch. Hel\u00e9n Sch. Ign\u00e1cn\u00e9; Fekete Bern\u00e1t, feles\u00e9ge Hochdorf Zs\u00f3fia; Sch. M\u00f3r. Feles\u00e9ge: Rosenfeld Ir\u00e9n (1861.? \u2013 1908. \u00e1pr. 29.). \u2013 Virilista Mv.-en (1913). Irod.: Id\u0151t\u00e1r 2<\/p>\n","protected":false},"featured_media":0,"comment_status":"open","ping_status":"closed","template":"","meta":[],"product_brand":[],"product_cat":[137],"product_tag":[],"class_list":{"0":"post-7846","1":"product","2":"type-product","3":"status-publish","5":"product_cat-maros-megyei-eletrajzi-lexikon","7":"first","8":"instock","9":"shipping-taxable","10":"product-type-simple"},"_links":{"self":[{"href":"https:\/\/uj.adatbank.ro\/lexikon\/wp-json\/wp\/v2\/product\/7846","targetHints":{"allow":["GET"]}}],"collection":[{"href":"https:\/\/uj.adatbank.ro\/lexikon\/wp-json\/wp\/v2\/product"}],"about":[{"href":"https:\/\/uj.adatbank.ro\/lexikon\/wp-json\/wp\/v2\/types\/product"}],"replies":[{"embeddable":true,"href":"https:\/\/uj.adatbank.ro\/lexikon\/wp-json\/wp\/v2\/comments?post=7846"}],"wp:attachment":[{"href":"https:\/\/uj.adatbank.ro\/lexikon\/wp-json\/wp\/v2\/media?parent=7846"}],"wp:term":[{"taxonomy":"product_brand","embeddable":true,"href":"https:\/\/uj.adatbank.ro\/lexikon\/wp-json\/wp\/v2\/product_brand?post=7846"},{"taxonomy":"product_cat","embeddable":true,"href":"https:\/\/uj.adatbank.ro\/lexikon\/wp-json\/wp\/v2\/product_cat?post=7846"},{"taxonomy":"product_tag","embeddable":true,"href":"https:\/\/uj.adatbank.ro\/lexikon\/wp-json\/wp\/v2\/product_tag?post=7846"}],"curies":[{"name":"wp","href":"https:\/\/api.w.org\/{rel}","templated":true}]}}