{"id":7849,"date":"2025-06-29T10:05:58","date_gmt":"2025-06-29T08:05:58","guid":{"rendered":"https:\/\/uj.adatbank.ro\/lexikon\/termek\/fekete-janos-3\/"},"modified":"2025-06-29T10:05:58","modified_gmt":"2025-06-29T08:05:58","slug":"fekete-janos-3","status":"publish","type":"product","link":"https:\/\/uj.adatbank.ro\/lexikon\/termek\/fekete-janos-3\/","title":{"rendered":"FEKETE J\u00e1nos"},"content":{"rendered":"<p>1838.? \u2020\u00a0Mv., 1886. febr. 1.: kereskd\u0151. \u2013 F. J\u00f3zsef \u00e9s M\u00fcncher Borb\u00e1la fia. Feles\u00e9ge Szirovi M\u00e1ria. Testv\u00e9rei: Antonia, d\u00edjnok Kaintzel J\u00e1nosn\u00e9; \u00c1gnes, tan\u00e1r Sz\u00e1va Farkasn\u00e9; Luiza, keresked\u0151 Holczer Gyul\u00e1n\u00e9; Gyula; J\u00f3zsef; G\u00e9iza, vas\u00fati hivatalnok, feles\u00e9ge M\u00e1th\u00e9 Luiza; Mikl\u00f3s cs. kir. f\u0151hadnagy. \u2013 Mv.-en kereskedelmi \u00fcgyn\u00f6k. <br \/><strong>Irod.:<\/strong> Gy\u00e1szjelent\u0151<\/br><\/p>\n","protected":false},"excerpt":{"rendered":"<p>1838.? \u2020\u00a0Mv., 1886. febr. 1.: kereskd\u0151. \u2013 F. J\u00f3zsef \u00e9s M\u00fcncher Borb\u00e1la fia. Feles\u00e9ge Szirovi M\u00e1ria. Testv\u00e9rei: Antonia, d\u00edjnok Kaintzel J\u00e1nosn\u00e9; \u00c1gnes, tan\u00e1r Sz\u00e1va Farkasn\u00e9; Luiza, keresked\u0151 Holczer Gyul\u00e1n\u00e9; Gyula; J\u00f3zsef; G\u00e9iza, vas\u00fati hivatalnok, feles\u00e9ge M\u00e1th\u00e9 Luiza; Mikl\u00f3s cs. kir. f\u0151hadnagy. \u2013 Mv.-en kereskedelmi \u00fcgyn\u00f6k. Irod.: Gy\u00e1szjelent\u0151<\/p>\n","protected":false},"featured_media":0,"comment_status":"open","ping_status":"closed","template":"","meta":[],"product_brand":[],"product_cat":[137],"product_tag":[],"class_list":{"0":"post-7849","1":"product","2":"type-product","3":"status-publish","5":"product_cat-maros-megyei-eletrajzi-lexikon","7":"first","8":"instock","9":"shipping-taxable","10":"product-type-simple"},"_links":{"self":[{"href":"https:\/\/uj.adatbank.ro\/lexikon\/wp-json\/wp\/v2\/product\/7849","targetHints":{"allow":["GET"]}}],"collection":[{"href":"https:\/\/uj.adatbank.ro\/lexikon\/wp-json\/wp\/v2\/product"}],"about":[{"href":"https:\/\/uj.adatbank.ro\/lexikon\/wp-json\/wp\/v2\/types\/product"}],"replies":[{"embeddable":true,"href":"https:\/\/uj.adatbank.ro\/lexikon\/wp-json\/wp\/v2\/comments?post=7849"}],"wp:attachment":[{"href":"https:\/\/uj.adatbank.ro\/lexikon\/wp-json\/wp\/v2\/media?parent=7849"}],"wp:term":[{"taxonomy":"product_brand","embeddable":true,"href":"https:\/\/uj.adatbank.ro\/lexikon\/wp-json\/wp\/v2\/product_brand?post=7849"},{"taxonomy":"product_cat","embeddable":true,"href":"https:\/\/uj.adatbank.ro\/lexikon\/wp-json\/wp\/v2\/product_cat?post=7849"},{"taxonomy":"product_tag","embeddable":true,"href":"https:\/\/uj.adatbank.ro\/lexikon\/wp-json\/wp\/v2\/product_tag?post=7849"}],"curies":[{"name":"wp","href":"https:\/\/api.w.org\/{rel}","templated":true}]}}