{"id":7850,"date":"2025-06-29T10:06:00","date_gmt":"2025-06-29T08:06:00","guid":{"rendered":"https:\/\/uj.adatbank.ro\/lexikon\/termek\/fekete-janos-4\/"},"modified":"2025-06-29T10:06:00","modified_gmt":"2025-06-29T08:06:00","slug":"fekete-janos-4","status":"publish","type":"product","link":"https:\/\/uj.adatbank.ro\/lexikon\/termek\/fekete-janos-4\/","title":{"rendered":"FEKETE J\u00e1nos"},"content":{"rendered":"<p>Mv., 1910. dec. 14., \u2020 Oslawy Biale, 1944. m\u00e1j. 14.: \u00fcgyv\u00e9d, dr. tartal\u00e9kos hadapr\u00f3d \u0151rmester. \u2013 F. Andor \u00e9s Straetz Aliz \/ Stracz Alice, fia. \u2013 A 27. t\u00e1bori t\u00fcz\u00e9rezredben tartal\u00e9kos hadapr\u00f3d \u0151rmester. H\u0151si hal\u00e1lt halt agys\u00e9r\u00fcl\u00e9s k\u00f6vetkezt\u00e9ben. Eml\u00e9k\u00e9re apja, F. Andor t\u00f6bb k\u00f6nyvet adom\u00e1nyozott a mv.-i v\u00e1rosi k\u00f6nyvt\u00e1rnak, a mai MMK \u0151rzi ezeket. <br \/><strong>Irod.:<\/strong> Berekm\u00e9ri 2015; Cat. Bibl. T. -B.; F\u00fcl\u00f6p\u2013Ferencz; Ref. temet\u0151<\/br><\/p>\n","protected":false},"excerpt":{"rendered":"<p>Mv., 1910. dec. 14., \u2020 Oslawy Biale, 1944. m\u00e1j. 14.: \u00fcgyv\u00e9d, dr. tartal\u00e9kos hadapr\u00f3d \u0151rmester. \u2013 F. Andor \u00e9s Straetz Aliz \/ Stracz Alice, fia. \u2013 A 27. t\u00e1bori t\u00fcz\u00e9rezredben tartal\u00e9kos hadapr\u00f3d \u0151rmester. H\u0151si hal\u00e1lt halt agys\u00e9r\u00fcl\u00e9s k\u00f6vetkezt\u00e9ben. Eml\u00e9k\u00e9re apja, F. Andor t\u00f6bb k\u00f6nyvet adom\u00e1nyozott a mv.-i v\u00e1rosi k\u00f6nyvt\u00e1rnak, a mai MMK \u0151rzi ezeket. Irod.: [&hellip;]<\/p>\n","protected":false},"featured_media":0,"comment_status":"open","ping_status":"closed","template":"","meta":[],"product_brand":[],"product_cat":[137],"product_tag":[],"class_list":{"0":"post-7850","1":"product","2":"type-product","3":"status-publish","5":"product_cat-maros-megyei-eletrajzi-lexikon","7":"first","8":"instock","9":"shipping-taxable","10":"product-type-simple"},"_links":{"self":[{"href":"https:\/\/uj.adatbank.ro\/lexikon\/wp-json\/wp\/v2\/product\/7850","targetHints":{"allow":["GET"]}}],"collection":[{"href":"https:\/\/uj.adatbank.ro\/lexikon\/wp-json\/wp\/v2\/product"}],"about":[{"href":"https:\/\/uj.adatbank.ro\/lexikon\/wp-json\/wp\/v2\/types\/product"}],"replies":[{"embeddable":true,"href":"https:\/\/uj.adatbank.ro\/lexikon\/wp-json\/wp\/v2\/comments?post=7850"}],"wp:attachment":[{"href":"https:\/\/uj.adatbank.ro\/lexikon\/wp-json\/wp\/v2\/media?parent=7850"}],"wp:term":[{"taxonomy":"product_brand","embeddable":true,"href":"https:\/\/uj.adatbank.ro\/lexikon\/wp-json\/wp\/v2\/product_brand?post=7850"},{"taxonomy":"product_cat","embeddable":true,"href":"https:\/\/uj.adatbank.ro\/lexikon\/wp-json\/wp\/v2\/product_cat?post=7850"},{"taxonomy":"product_tag","embeddable":true,"href":"https:\/\/uj.adatbank.ro\/lexikon\/wp-json\/wp\/v2\/product_tag?post=7850"}],"curies":[{"name":"wp","href":"https:\/\/api.w.org\/{rel}","templated":true}]}}