{"id":7852,"date":"2025-06-29T10:06:02","date_gmt":"2025-06-29T08:06:02","guid":{"rendered":"https:\/\/uj.adatbank.ro\/lexikon\/termek\/fekete-janos-6\/"},"modified":"2025-06-29T10:06:02","modified_gmt":"2025-06-29T08:06:02","slug":"fekete-janos-6","status":"publish","type":"product","link":"https:\/\/uj.adatbank.ro\/lexikon\/termek\/fekete-janos-6\/","title":{"rendered":"FEKETE J\u00e1nos"},"content":{"rendered":"<p>Mez\u0151s\u00e1msond, 1913., \u2020 Mez\u0151s\u00e1msond, 1997. aug. 6.: f\u00f6ldm\u0171ves. \u2013 A II. vh.-ban beh\u00edvt\u00e1k a Sz\u00e9kely Hat\u00e1r\u0151rs\u00e9ghez (1944). Kv. k\u00f6rny\u00e9k\u00e9n harcolt, orosz fogs\u00e1gba esett, \u00e9s a magnitogorszki l\u00e1gerbe hurcolt\u00e1k Neh\u00e9z munk\u00e1t v\u00e9geztettek vel\u00fck, kev\u00e9s \u00e9lelemmel. K\u00e9s\u0151bb 80 \u2013 100 rubel fizet\u00e9st kaptak. Hazaker\u00fclt S\u00e1msondra (1949). <br \/><strong>Irod.:<\/strong> Mez\u0151s\u00e1msond<\/br><\/p>\n","protected":false},"excerpt":{"rendered":"<p>Mez\u0151s\u00e1msond, 1913., \u2020 Mez\u0151s\u00e1msond, 1997. aug. 6.: f\u00f6ldm\u0171ves. \u2013 A II. vh.-ban beh\u00edvt\u00e1k a Sz\u00e9kely Hat\u00e1r\u0151rs\u00e9ghez (1944). Kv. k\u00f6rny\u00e9k\u00e9n harcolt, orosz fogs\u00e1gba esett, \u00e9s a magnitogorszki l\u00e1gerbe hurcolt\u00e1k Neh\u00e9z munk\u00e1t v\u00e9geztettek vel\u00fck, kev\u00e9s \u00e9lelemmel. K\u00e9s\u0151bb 80 \u2013 100 rubel fizet\u00e9st kaptak. Hazaker\u00fclt S\u00e1msondra (1949). Irod.: Mez\u0151s\u00e1msond<\/p>\n","protected":false},"featured_media":0,"comment_status":"open","ping_status":"closed","template":"","meta":[],"product_brand":[],"product_cat":[137],"product_tag":[],"class_list":{"0":"post-7852","1":"product","2":"type-product","3":"status-publish","5":"product_cat-maros-megyei-eletrajzi-lexikon","7":"first","8":"instock","9":"shipping-taxable","10":"product-type-simple"},"_links":{"self":[{"href":"https:\/\/uj.adatbank.ro\/lexikon\/wp-json\/wp\/v2\/product\/7852","targetHints":{"allow":["GET"]}}],"collection":[{"href":"https:\/\/uj.adatbank.ro\/lexikon\/wp-json\/wp\/v2\/product"}],"about":[{"href":"https:\/\/uj.adatbank.ro\/lexikon\/wp-json\/wp\/v2\/types\/product"}],"replies":[{"embeddable":true,"href":"https:\/\/uj.adatbank.ro\/lexikon\/wp-json\/wp\/v2\/comments?post=7852"}],"wp:attachment":[{"href":"https:\/\/uj.adatbank.ro\/lexikon\/wp-json\/wp\/v2\/media?parent=7852"}],"wp:term":[{"taxonomy":"product_brand","embeddable":true,"href":"https:\/\/uj.adatbank.ro\/lexikon\/wp-json\/wp\/v2\/product_brand?post=7852"},{"taxonomy":"product_cat","embeddable":true,"href":"https:\/\/uj.adatbank.ro\/lexikon\/wp-json\/wp\/v2\/product_cat?post=7852"},{"taxonomy":"product_tag","embeddable":true,"href":"https:\/\/uj.adatbank.ro\/lexikon\/wp-json\/wp\/v2\/product_tag?post=7852"}],"curies":[{"name":"wp","href":"https:\/\/api.w.org\/{rel}","templated":true}]}}