{"id":7855,"date":"2025-06-29T10:06:05","date_gmt":"2025-06-29T08:06:05","guid":{"rendered":"https:\/\/uj.adatbank.ro\/lexikon\/termek\/fekete-jeno\/"},"modified":"2025-06-29T10:06:05","modified_gmt":"2025-06-29T08:06:05","slug":"fekete-jeno","status":"publish","type":"product","link":"https:\/\/uj.adatbank.ro\/lexikon\/termek\/fekete-jeno\/","title":{"rendered":"FEKETE Jen\u0151"},"content":{"rendered":"<p>Vajdaszentiv\u00e1ny, 1926. \u00e1pr. 19., \u2020\u00a0? : el\u00edt\u00e9lt. \u2013 Jehova-tan\u00fa volt, letart\u00f3ztatt\u00e1k (1956. szept. 27.) \u00e9s 10 \u00e9vre \u00edt\u00e9lt\u00e9k (szabadult: 1963. jan. 29.). <br \/><strong>Irod.:<\/strong> 1956 Erd\u00e9lyben<\/br><\/p>\n","protected":false},"excerpt":{"rendered":"<p>Vajdaszentiv\u00e1ny, 1926. \u00e1pr. 19., \u2020\u00a0? : el\u00edt\u00e9lt. \u2013 Jehova-tan\u00fa volt, letart\u00f3ztatt\u00e1k (1956. szept. 27.) \u00e9s 10 \u00e9vre \u00edt\u00e9lt\u00e9k (szabadult: 1963. jan. 29.). Irod.: 1956 Erd\u00e9lyben<\/p>\n","protected":false},"featured_media":0,"comment_status":"open","ping_status":"closed","template":"","meta":[],"product_brand":[],"product_cat":[137],"product_tag":[],"class_list":{"0":"post-7855","1":"product","2":"type-product","3":"status-publish","5":"product_cat-maros-megyei-eletrajzi-lexikon","7":"first","8":"instock","9":"shipping-taxable","10":"product-type-simple"},"_links":{"self":[{"href":"https:\/\/uj.adatbank.ro\/lexikon\/wp-json\/wp\/v2\/product\/7855","targetHints":{"allow":["GET"]}}],"collection":[{"href":"https:\/\/uj.adatbank.ro\/lexikon\/wp-json\/wp\/v2\/product"}],"about":[{"href":"https:\/\/uj.adatbank.ro\/lexikon\/wp-json\/wp\/v2\/types\/product"}],"replies":[{"embeddable":true,"href":"https:\/\/uj.adatbank.ro\/lexikon\/wp-json\/wp\/v2\/comments?post=7855"}],"wp:attachment":[{"href":"https:\/\/uj.adatbank.ro\/lexikon\/wp-json\/wp\/v2\/media?parent=7855"}],"wp:term":[{"taxonomy":"product_brand","embeddable":true,"href":"https:\/\/uj.adatbank.ro\/lexikon\/wp-json\/wp\/v2\/product_brand?post=7855"},{"taxonomy":"product_cat","embeddable":true,"href":"https:\/\/uj.adatbank.ro\/lexikon\/wp-json\/wp\/v2\/product_cat?post=7855"},{"taxonomy":"product_tag","embeddable":true,"href":"https:\/\/uj.adatbank.ro\/lexikon\/wp-json\/wp\/v2\/product_tag?post=7855"}],"curies":[{"name":"wp","href":"https:\/\/api.w.org\/{rel}","templated":true}]}}