{"id":7858,"date":"2025-06-29T10:06:10","date_gmt":"2025-06-29T08:06:10","guid":{"rendered":"https:\/\/uj.adatbank.ro\/lexikon\/termek\/fekete-jozsef-3\/"},"modified":"2025-06-29T10:06:10","modified_gmt":"2025-06-29T08:06:10","slug":"fekete-jozsef-3","status":"publish","type":"product","link":"https:\/\/uj.adatbank.ro\/lexikon\/termek\/fekete-jozsef-3\/","title":{"rendered":"FEKETE J\u00f3zsef"},"content":{"rendered":"<p>1865.? \u2020\u00a0Iszl\u00f3, 1941. febr. 25.: unit. lelk\u00e9sz. \u2013 Feles\u00e9ge: Somei Ilona. Gyermekei: Dr. F. Gyula, feles\u00e9ge Bartalus Emma; Ilona Szab\u00f3 K\u00e1rolyn\u00e9; G\u00e9za, feles\u00e9ge Iv\u00e1n Anna; Juliska Sz\u00e1sz J\u00e1nosn\u00e9; Piroska Kerest\u00e9ly J\u00e1nosn\u00e9; Ir\u00e9n Zsigmond Andr\u00e1sn\u00e9; Zsuzs\u00e1nna Nagy Istv\u00e1nn\u00e9; Lenke. \u2013 Sz\u0151kefalv\u00e1n m\u0171k\u00f6d\u00f6tt t (1887\u201388), valamint Iszl\u00f3ban. <br \/><strong>Irod.:<\/strong> Gy\u00e1szjelent\u0151; Kelemen Imre; Nagy L\u00e1szl\u00f3<\/br><\/p>\n","protected":false},"excerpt":{"rendered":"<p>1865.? \u2020\u00a0Iszl\u00f3, 1941. febr. 25.: unit. lelk\u00e9sz. \u2013 Feles\u00e9ge: Somei Ilona. Gyermekei: Dr. F. Gyula, feles\u00e9ge Bartalus Emma; Ilona Szab\u00f3 K\u00e1rolyn\u00e9; G\u00e9za, feles\u00e9ge Iv\u00e1n Anna; Juliska Sz\u00e1sz J\u00e1nosn\u00e9; Piroska Kerest\u00e9ly J\u00e1nosn\u00e9; Ir\u00e9n Zsigmond Andr\u00e1sn\u00e9; Zsuzs\u00e1nna Nagy Istv\u00e1nn\u00e9; Lenke. \u2013 Sz\u0151kefalv\u00e1n m\u0171k\u00f6d\u00f6tt t (1887\u201388), valamint Iszl\u00f3ban. Irod.: Gy\u00e1szjelent\u0151; Kelemen Imre; Nagy L\u00e1szl\u00f3<\/p>\n","protected":false},"featured_media":0,"comment_status":"open","ping_status":"closed","template":"","meta":[],"product_brand":[],"product_cat":[137],"product_tag":[],"class_list":{"0":"post-7858","1":"product","2":"type-product","3":"status-publish","5":"product_cat-maros-megyei-eletrajzi-lexikon","7":"first","8":"instock","9":"shipping-taxable","10":"product-type-simple"},"_links":{"self":[{"href":"https:\/\/uj.adatbank.ro\/lexikon\/wp-json\/wp\/v2\/product\/7858","targetHints":{"allow":["GET"]}}],"collection":[{"href":"https:\/\/uj.adatbank.ro\/lexikon\/wp-json\/wp\/v2\/product"}],"about":[{"href":"https:\/\/uj.adatbank.ro\/lexikon\/wp-json\/wp\/v2\/types\/product"}],"replies":[{"embeddable":true,"href":"https:\/\/uj.adatbank.ro\/lexikon\/wp-json\/wp\/v2\/comments?post=7858"}],"wp:attachment":[{"href":"https:\/\/uj.adatbank.ro\/lexikon\/wp-json\/wp\/v2\/media?parent=7858"}],"wp:term":[{"taxonomy":"product_brand","embeddable":true,"href":"https:\/\/uj.adatbank.ro\/lexikon\/wp-json\/wp\/v2\/product_brand?post=7858"},{"taxonomy":"product_cat","embeddable":true,"href":"https:\/\/uj.adatbank.ro\/lexikon\/wp-json\/wp\/v2\/product_cat?post=7858"},{"taxonomy":"product_tag","embeddable":true,"href":"https:\/\/uj.adatbank.ro\/lexikon\/wp-json\/wp\/v2\/product_tag?post=7858"}],"curies":[{"name":"wp","href":"https:\/\/api.w.org\/{rel}","templated":true}]}}