{"id":7861,"date":"2025-06-29T10:06:17","date_gmt":"2025-06-29T08:06:17","guid":{"rendered":"https:\/\/uj.adatbank.ro\/lexikon\/termek\/fekete-jozsef-6\/"},"modified":"2025-06-29T10:06:17","modified_gmt":"2025-06-29T08:06:17","slug":"fekete-jozsef-6","status":"publish","type":"product","link":"https:\/\/uj.adatbank.ro\/lexikon\/termek\/fekete-jozsef-6\/","title":{"rendered":"FEKETE J\u00f3zsef"},"content":{"rendered":"<p>Sz\u00e1rhegy v. L\u00e1z\u00e1rfalva, 1885. m\u00e1rc. 4., \u2020\u00a0?, 1938. okt. 19.: r. k. pap. \u2013 Cs\u00edksomly\u00f3n \u00e9s Gyulafeh\u00e9rv\u00e1ron tanult. Papp\u00e1 szentelt\u00e9k (1909. j\u00fan. 27.). K\u00e1pl\u00e1n K\u00e9zdiszentkereszten, Ditr\u00f3ban. Pl\u00e9b\u00e1nos Egrest\u0151n (1915\u201326), majd Bordoson (1926\u2013). Szentdemeteren pl\u00e9b\u00e1nos (1926. okt. \u2013), Cs\u00f6bb\u00f6n is mis\u00e9zet vas\u00e1rnapokon. Megjav\u00edttatta a gyulakutai k\u00e1poln\u00e1t (1927\u201328). <br \/><strong>Irod.:<\/strong> Ferenczi S\u00e1ndor 2009; Maros-k\u00fck\u00fcll\u0151i f\u0151esp.<\/br><\/p>\n","protected":false},"excerpt":{"rendered":"<p>Sz\u00e1rhegy v. L\u00e1z\u00e1rfalva, 1885. m\u00e1rc. 4., \u2020\u00a0?, 1938. okt. 19.: r. k. pap. \u2013 Cs\u00edksomly\u00f3n \u00e9s Gyulafeh\u00e9rv\u00e1ron tanult. Papp\u00e1 szentelt\u00e9k (1909. j\u00fan. 27.). K\u00e1pl\u00e1n K\u00e9zdiszentkereszten, Ditr\u00f3ban. Pl\u00e9b\u00e1nos Egrest\u0151n (1915\u201326), majd Bordoson (1926\u2013). Szentdemeteren pl\u00e9b\u00e1nos (1926. okt. \u2013), Cs\u00f6bb\u00f6n is mis\u00e9zet vas\u00e1rnapokon. Megjav\u00edttatta a gyulakutai k\u00e1poln\u00e1t (1927\u201328). Irod.: Ferenczi S\u00e1ndor 2009; Maros-k\u00fck\u00fcll\u0151i f\u0151esp.<\/p>\n","protected":false},"featured_media":0,"comment_status":"open","ping_status":"closed","template":"","meta":[],"product_brand":[],"product_cat":[137],"product_tag":[],"class_list":{"0":"post-7861","1":"product","2":"type-product","3":"status-publish","5":"product_cat-maros-megyei-eletrajzi-lexikon","7":"first","8":"instock","9":"shipping-taxable","10":"product-type-simple"},"_links":{"self":[{"href":"https:\/\/uj.adatbank.ro\/lexikon\/wp-json\/wp\/v2\/product\/7861","targetHints":{"allow":["GET"]}}],"collection":[{"href":"https:\/\/uj.adatbank.ro\/lexikon\/wp-json\/wp\/v2\/product"}],"about":[{"href":"https:\/\/uj.adatbank.ro\/lexikon\/wp-json\/wp\/v2\/types\/product"}],"replies":[{"embeddable":true,"href":"https:\/\/uj.adatbank.ro\/lexikon\/wp-json\/wp\/v2\/comments?post=7861"}],"wp:attachment":[{"href":"https:\/\/uj.adatbank.ro\/lexikon\/wp-json\/wp\/v2\/media?parent=7861"}],"wp:term":[{"taxonomy":"product_brand","embeddable":true,"href":"https:\/\/uj.adatbank.ro\/lexikon\/wp-json\/wp\/v2\/product_brand?post=7861"},{"taxonomy":"product_cat","embeddable":true,"href":"https:\/\/uj.adatbank.ro\/lexikon\/wp-json\/wp\/v2\/product_cat?post=7861"},{"taxonomy":"product_tag","embeddable":true,"href":"https:\/\/uj.adatbank.ro\/lexikon\/wp-json\/wp\/v2\/product_tag?post=7861"}],"curies":[{"name":"wp","href":"https:\/\/api.w.org\/{rel}","templated":true}]}}