{"id":7862,"date":"2025-06-29T10:06:18","date_gmt":"2025-06-29T08:06:18","guid":{"rendered":"https:\/\/uj.adatbank.ro\/lexikon\/termek\/fekete-jozsef-7\/"},"modified":"2025-06-29T10:06:18","modified_gmt":"2025-06-29T08:06:18","slug":"fekete-jozsef-7","status":"publish","type":"product","link":"https:\/\/uj.adatbank.ro\/lexikon\/termek\/fekete-jozsef-7\/","title":{"rendered":"FEKETE J\u00f3zsef"},"content":{"rendered":"<p>Kisg\u00f6rg\u00e9ny, 1892, \u2020 ? : tan\u00edt\u00f3. \u2013 Mv.-en \u00e1llami tan\u00edt\u00f3. Katonai szolg\u00e1latra bevonult (1913\u2013), majd r\u00e9szt vett az I. vh.-ban (1914\u201318), az orosz fronton harcolt, megsebes\u00fclt, f\u0151hadnagyk\u00e9nt szerelt le kit\u00fcntet\u00e9sekkel. <br \/><strong>Irod.:<\/strong> Erd\u00e9lyi ezredek<\/br><\/p>\n","protected":false},"excerpt":{"rendered":"<p>Kisg\u00f6rg\u00e9ny, 1892, \u2020 ? : tan\u00edt\u00f3. \u2013 Mv.-en \u00e1llami tan\u00edt\u00f3. Katonai szolg\u00e1latra bevonult (1913\u2013), majd r\u00e9szt vett az I. vh.-ban (1914\u201318), az orosz fronton harcolt, megsebes\u00fclt, f\u0151hadnagyk\u00e9nt szerelt le kit\u00fcntet\u00e9sekkel. Irod.: Erd\u00e9lyi ezredek<\/p>\n","protected":false},"featured_media":0,"comment_status":"open","ping_status":"closed","template":"","meta":[],"product_brand":[],"product_cat":[137],"product_tag":[],"class_list":{"0":"post-7862","1":"product","2":"type-product","3":"status-publish","5":"product_cat-maros-megyei-eletrajzi-lexikon","7":"first","8":"instock","9":"shipping-taxable","10":"product-type-simple"},"_links":{"self":[{"href":"https:\/\/uj.adatbank.ro\/lexikon\/wp-json\/wp\/v2\/product\/7862","targetHints":{"allow":["GET"]}}],"collection":[{"href":"https:\/\/uj.adatbank.ro\/lexikon\/wp-json\/wp\/v2\/product"}],"about":[{"href":"https:\/\/uj.adatbank.ro\/lexikon\/wp-json\/wp\/v2\/types\/product"}],"replies":[{"embeddable":true,"href":"https:\/\/uj.adatbank.ro\/lexikon\/wp-json\/wp\/v2\/comments?post=7862"}],"wp:attachment":[{"href":"https:\/\/uj.adatbank.ro\/lexikon\/wp-json\/wp\/v2\/media?parent=7862"}],"wp:term":[{"taxonomy":"product_brand","embeddable":true,"href":"https:\/\/uj.adatbank.ro\/lexikon\/wp-json\/wp\/v2\/product_brand?post=7862"},{"taxonomy":"product_cat","embeddable":true,"href":"https:\/\/uj.adatbank.ro\/lexikon\/wp-json\/wp\/v2\/product_cat?post=7862"},{"taxonomy":"product_tag","embeddable":true,"href":"https:\/\/uj.adatbank.ro\/lexikon\/wp-json\/wp\/v2\/product_tag?post=7862"}],"curies":[{"name":"wp","href":"https:\/\/api.w.org\/{rel}","templated":true}]}}