{"id":7864,"date":"2025-06-29T10:06:22","date_gmt":"2025-06-29T08:06:22","guid":{"rendered":"https:\/\/uj.adatbank.ro\/lexikon\/termek\/fekete-jozsef-9\/"},"modified":"2025-06-29T10:06:22","modified_gmt":"2025-06-29T08:06:22","slug":"fekete-jozsef-9","status":"publish","type":"product","link":"https:\/\/uj.adatbank.ro\/lexikon\/termek\/fekete-jozsef-9\/","title":{"rendered":"FEKETE J\u00f3zsef"},"content":{"rendered":"<p>Dics\u0151szentm\u00e1rton, 1926., \u2020 Dics\u0151szentm\u00e1rton, 2001. j\u00fal. 18.: orvos. \u2013 Tanult a MOGYI-n; D\u00e9sfalv\u00e1n orvos (1953\u201359); a dics\u0151szentm\u00e1rtoni k\u00f3rh\u00e1z r\u00f6ntgen-oszt\u00e1ly\u00e1nak vezet\u0151je (1959\u2013). <br \/><strong>Irod.:<\/strong> [Nekrol\u00f3g] (N\u00fa 2001. j\u00fal 19); RMKK<\/br><\/p>\n","protected":false},"excerpt":{"rendered":"<p>Dics\u0151szentm\u00e1rton, 1926., \u2020 Dics\u0151szentm\u00e1rton, 2001. j\u00fal. 18.: orvos. \u2013 Tanult a MOGYI-n; D\u00e9sfalv\u00e1n orvos (1953\u201359); a dics\u0151szentm\u00e1rtoni k\u00f3rh\u00e1z r\u00f6ntgen-oszt\u00e1ly\u00e1nak vezet\u0151je (1959\u2013). Irod.: [Nekrol\u00f3g] (N\u00fa 2001. j\u00fal 19); RMKK<\/p>\n","protected":false},"featured_media":0,"comment_status":"open","ping_status":"closed","template":"","meta":[],"product_brand":[],"product_cat":[137],"product_tag":[],"class_list":{"0":"post-7864","1":"product","2":"type-product","3":"status-publish","5":"product_cat-maros-megyei-eletrajzi-lexikon","7":"first","8":"instock","9":"shipping-taxable","10":"product-type-simple"},"_links":{"self":[{"href":"https:\/\/uj.adatbank.ro\/lexikon\/wp-json\/wp\/v2\/product\/7864","targetHints":{"allow":["GET"]}}],"collection":[{"href":"https:\/\/uj.adatbank.ro\/lexikon\/wp-json\/wp\/v2\/product"}],"about":[{"href":"https:\/\/uj.adatbank.ro\/lexikon\/wp-json\/wp\/v2\/types\/product"}],"replies":[{"embeddable":true,"href":"https:\/\/uj.adatbank.ro\/lexikon\/wp-json\/wp\/v2\/comments?post=7864"}],"wp:attachment":[{"href":"https:\/\/uj.adatbank.ro\/lexikon\/wp-json\/wp\/v2\/media?parent=7864"}],"wp:term":[{"taxonomy":"product_brand","embeddable":true,"href":"https:\/\/uj.adatbank.ro\/lexikon\/wp-json\/wp\/v2\/product_brand?post=7864"},{"taxonomy":"product_cat","embeddable":true,"href":"https:\/\/uj.adatbank.ro\/lexikon\/wp-json\/wp\/v2\/product_cat?post=7864"},{"taxonomy":"product_tag","embeddable":true,"href":"https:\/\/uj.adatbank.ro\/lexikon\/wp-json\/wp\/v2\/product_tag?post=7864"}],"curies":[{"name":"wp","href":"https:\/\/api.w.org\/{rel}","templated":true}]}}