{"id":7870,"date":"2025-06-29T10:06:38","date_gmt":"2025-06-29T08:06:38","guid":{"rendered":"https:\/\/uj.adatbank.ro\/lexikon\/termek\/fekete-karoly-%c2%a7-nagyfalusi\/"},"modified":"2025-06-29T10:06:38","modified_gmt":"2025-06-29T08:06:38","slug":"fekete-karoly-%c2%a7-nagyfalusi","status":"publish","type":"product","link":"https:\/\/uj.adatbank.ro\/lexikon\/termek\/fekete-karoly-%c2%a7-nagyfalusi\/","title":{"rendered":"FEKETE K\u00e1roly, \u00a7 nagyfalusi"},"content":{"rendered":"<p>Mv., 1816., \u2020 Mv., 1880. febr. 7.: \u00fcgyv\u00e9d, t\u00f6rv\u00e9nysz\u00e9ki b\u00edr\u00f3. \u2013 Anyja: Dics\u0151 Rebeka, \u00f6zv. Simonfi Istv\u00e1nn\u00e9. Testv\u00e9rei: \u00c1gnes Goth\u00e1rd J\u00f3zsefn\u00e9; Domokos. Feles\u00e9ge: Simatics Veronika (1826. \u2013 Mv., 1888. dec. 9.). Gyermekeik: K\u00e1roly; Ilona Horv\u00e1th Mikl\u00f3sn\u00e9; Janka. \u2013 Hites \u00fcgyv\u00e9d, Marossz\u00e9k t\u00f6rv\u00e9nysz\u00e9k\u00e9nek \u00fcln\u00f6ke; kir. t\u00f6rv\u00e9nysz\u00e9ki b\u00edr\u00f3 (1872\u201380). A mv.-i unit. egyh\u00e1znak 15 \u00e9ven \u00e1t, hal\u00e1l\u00e1ig gondnoka. N\u00e9metb\u0151l ford\u00edtott a mv.-i lapoknak. Petri \u00c1d\u00e1m eml\u00e9kezete \u00e9s a Marsz\u00e9ki kir\u00e1lyb\u00edr\u00e1k c. \u00e9rtekez\u00e9s\u00e9t a Maros Vid\u00e9ke k\u00f6z\u00f6lte. K\u00e9ziratban is sok dolgozatot hagyott. <br \/><strong>Irod.:<\/strong> Gy\u00e1szjelent\u0151; Kelemen; Marosi-KZST; Molter 1, 2.; P\u00e1lmay; Szinnyei; Szinnyei J.<\/br><\/p>\n","protected":false},"excerpt":{"rendered":"<p>Mv., 1816., \u2020 Mv., 1880. febr. 7.: \u00fcgyv\u00e9d, t\u00f6rv\u00e9nysz\u00e9ki b\u00edr\u00f3. \u2013 Anyja: Dics\u0151 Rebeka, \u00f6zv. Simonfi Istv\u00e1nn\u00e9. Testv\u00e9rei: \u00c1gnes Goth\u00e1rd J\u00f3zsefn\u00e9; Domokos. Feles\u00e9ge: Simatics Veronika (1826. \u2013 Mv., 1888. dec. 9.). Gyermekeik: K\u00e1roly; Ilona Horv\u00e1th Mikl\u00f3sn\u00e9; Janka. \u2013 Hites \u00fcgyv\u00e9d, Marossz\u00e9k t\u00f6rv\u00e9nysz\u00e9k\u00e9nek \u00fcln\u00f6ke; kir. t\u00f6rv\u00e9nysz\u00e9ki b\u00edr\u00f3 (1872\u201380). A mv.-i unit. egyh\u00e1znak 15 \u00e9ven \u00e1t, hal\u00e1l\u00e1ig [&hellip;]<\/p>\n","protected":false},"featured_media":0,"comment_status":"open","ping_status":"closed","template":"","meta":[],"product_brand":[],"product_cat":[137],"product_tag":[],"class_list":{"0":"post-7870","1":"product","2":"type-product","3":"status-publish","5":"product_cat-maros-megyei-eletrajzi-lexikon","7":"first","8":"instock","9":"shipping-taxable","10":"product-type-simple"},"_links":{"self":[{"href":"https:\/\/uj.adatbank.ro\/lexikon\/wp-json\/wp\/v2\/product\/7870","targetHints":{"allow":["GET"]}}],"collection":[{"href":"https:\/\/uj.adatbank.ro\/lexikon\/wp-json\/wp\/v2\/product"}],"about":[{"href":"https:\/\/uj.adatbank.ro\/lexikon\/wp-json\/wp\/v2\/types\/product"}],"replies":[{"embeddable":true,"href":"https:\/\/uj.adatbank.ro\/lexikon\/wp-json\/wp\/v2\/comments?post=7870"}],"wp:attachment":[{"href":"https:\/\/uj.adatbank.ro\/lexikon\/wp-json\/wp\/v2\/media?parent=7870"}],"wp:term":[{"taxonomy":"product_brand","embeddable":true,"href":"https:\/\/uj.adatbank.ro\/lexikon\/wp-json\/wp\/v2\/product_brand?post=7870"},{"taxonomy":"product_cat","embeddable":true,"href":"https:\/\/uj.adatbank.ro\/lexikon\/wp-json\/wp\/v2\/product_cat?post=7870"},{"taxonomy":"product_tag","embeddable":true,"href":"https:\/\/uj.adatbank.ro\/lexikon\/wp-json\/wp\/v2\/product_tag?post=7870"}],"curies":[{"name":"wp","href":"https:\/\/api.w.org\/{rel}","templated":true}]}}