{"id":7871,"date":"2025-06-29T10:06:40","date_gmt":"2025-06-29T08:06:40","guid":{"rendered":"https:\/\/uj.adatbank.ro\/lexikon\/termek\/fekete-karoly-%c2%a7-nagyfalusi-2\/"},"modified":"2025-06-29T10:06:40","modified_gmt":"2025-06-29T08:06:40","slug":"fekete-karoly-%c2%a7-nagyfalusi-2","status":"publish","type":"product","link":"https:\/\/uj.adatbank.ro\/lexikon\/termek\/fekete-karoly-%c2%a7-nagyfalusi-2\/","title":{"rendered":"FEKETE K\u00e1roly, \u00a7 nagyfalusi"},"content":{"rendered":"<p>1848.? \u2020 Nagyszeben, 1885. m\u00e1j. 21. Mv.-en temett\u00e9k: p\u00e9nz\u00fcgyi\u00a0fogalmaz\u00f3. \u2013 F. K\u00e1roly (1816\u20131880) \u00e9s Simatics Veronika (1826 \u2013 Mv., 1888. dec. 9.) fia. \u2013 Feles\u00e9ge: Wagner Zs\u00f3fia Hermina. M. kir. p\u00e9nz\u00fcgyi fogalmaz\u00f3 \u00e9s ad\u00f3fel\u00fcgyel\u0151 helyettes. <br \/><strong>Irod.:<\/strong> Gy\u00e1szjelent\u0151<\/br><\/p>\n","protected":false},"excerpt":{"rendered":"<p>1848.? \u2020 Nagyszeben, 1885. m\u00e1j. 21. Mv.-en temett\u00e9k: p\u00e9nz\u00fcgyi\u00a0fogalmaz\u00f3. \u2013 F. K\u00e1roly (1816\u20131880) \u00e9s Simatics Veronika (1826 \u2013 Mv., 1888. dec. 9.) fia. \u2013 Feles\u00e9ge: Wagner Zs\u00f3fia Hermina. M. kir. p\u00e9nz\u00fcgyi fogalmaz\u00f3 \u00e9s ad\u00f3fel\u00fcgyel\u0151 helyettes. Irod.: Gy\u00e1szjelent\u0151<\/p>\n","protected":false},"featured_media":0,"comment_status":"open","ping_status":"closed","template":"","meta":[],"product_brand":[],"product_cat":[137],"product_tag":[],"class_list":{"0":"post-7871","1":"product","2":"type-product","3":"status-publish","5":"product_cat-maros-megyei-eletrajzi-lexikon","7":"first","8":"instock","9":"shipping-taxable","10":"product-type-simple"},"_links":{"self":[{"href":"https:\/\/uj.adatbank.ro\/lexikon\/wp-json\/wp\/v2\/product\/7871","targetHints":{"allow":["GET"]}}],"collection":[{"href":"https:\/\/uj.adatbank.ro\/lexikon\/wp-json\/wp\/v2\/product"}],"about":[{"href":"https:\/\/uj.adatbank.ro\/lexikon\/wp-json\/wp\/v2\/types\/product"}],"replies":[{"embeddable":true,"href":"https:\/\/uj.adatbank.ro\/lexikon\/wp-json\/wp\/v2\/comments?post=7871"}],"wp:attachment":[{"href":"https:\/\/uj.adatbank.ro\/lexikon\/wp-json\/wp\/v2\/media?parent=7871"}],"wp:term":[{"taxonomy":"product_brand","embeddable":true,"href":"https:\/\/uj.adatbank.ro\/lexikon\/wp-json\/wp\/v2\/product_brand?post=7871"},{"taxonomy":"product_cat","embeddable":true,"href":"https:\/\/uj.adatbank.ro\/lexikon\/wp-json\/wp\/v2\/product_cat?post=7871"},{"taxonomy":"product_tag","embeddable":true,"href":"https:\/\/uj.adatbank.ro\/lexikon\/wp-json\/wp\/v2\/product_tag?post=7871"}],"curies":[{"name":"wp","href":"https:\/\/api.w.org\/{rel}","templated":true}]}}